{"id":5983,"date":"2024-09-19T15:03:53","date_gmt":"2024-09-19T12:03:53","guid":{"rendered":"https:\/\/petityu.com\/cir2030-elastik-yuvarlak-bebek-cocuk-gunes-gozlugu-elsa-moru-2-6-yas\/"},"modified":"2026-03-18T16:21:33","modified_gmt":"2026-03-18T13:21:33","slug":"cir2030-elastik-yuvarlak-bebek-cocuk-gunes-gozlugu-elsa-moru-2-6-yas","status":"publish","type":"product","link":"https:\/\/petityu.com\/en\/cir2030-elastik-yuvarlak-bebek-cocuk-gunes-gozlugu-elsa-moru-2-6-yas\/","title":{"rendered":"Petityu Elastik Yuvarlak Bebek \u00c7ocuk G\u00fcne\u015f G\u00f6zl\u00fc\u011f\u00fc Elsa Moru 2-6 Ya\u015f"},"content":{"rendered":"<p><p>ORJINAL. 400 UV korumali KUTULU ve Gozluk kilifli Elastik CE SERTIFIKALI- Test raporlu Petityu kopek logolu CE sign urun uzerinde<\/p><\/p>","protected":false},"excerpt":{"rendered":"<p>ORJINAL. 400 UV korumali KUTULU ve Gozluk kilifli Elastik CE SERTIFIKALI- Test raporlu Petityu kopek logolu CE sign urun uzerinde<\/p>","protected":false},"featured_media":5977,"template":"","meta":[],"product_brand":[],"product_cat":[15,979,935],"product_tag":[],"class_list":{"0":"post-5983","1":"product","2":"type-product","3":"status-publish","4":"has-post-thumbnail","6":"product_cat-genel","7":"product_cat-gunes-gozlugu","8":"product_cat-kizcocuk","10":"first","11":"instock","12":"taxable","13":"shipping-taxable","14":"purchasable","15":"product-type-simple"},"_links":{"self":[{"href":"https:\/\/petityu.com\/en\/wp-json\/wp\/v2\/product\/5983","targetHints":{"allow":["GET"]}}],"collection":[{"href":"https:\/\/petityu.com\/en\/wp-json\/wp\/v2\/product"}],"about":[{"href":"https:\/\/petityu.com\/en\/wp-json\/wp\/v2\/types\/product"}],"wp:featuredmedia":[{"embeddable":true,"href":"https:\/\/petityu.com\/en\/wp-json\/wp\/v2\/media\/5977"}],"wp:attachment":[{"href":"https:\/\/petityu.com\/en\/wp-json\/wp\/v2\/media?parent=5983"}],"wp:term":[{"taxonomy":"product_brand","embeddable":true,"href":"https:\/\/petityu.com\/en\/wp-json\/wp\/v2\/product_brand?post=5983"},{"taxonomy":"product_cat","embeddable":true,"href":"https:\/\/petityu.com\/en\/wp-json\/wp\/v2\/product_cat?post=5983"},{"taxonomy":"product_tag","embeddable":true,"href":"https:\/\/petityu.com\/en\/wp-json\/wp\/v2\/product_tag?post=5983"}],"curies":[{"name":"wp","href":"https:\/\/api.w.org\/{rel}","templated":true}]}}