{"id":5984,"date":"2024-09-19T15:03:58","date_gmt":"2024-09-19T12:03:58","guid":{"rendered":"https:\/\/petityu.com\/anne-kiz-2-8-yas-hasir-sapkalar-bej-hasir\/"},"modified":"2025-08-21T14:47:05","modified_gmt":"2025-08-21T11:47:05","slug":"anne-kiz-2-8-yas-hasir-sapkalar-bej-hasir","status":"publish","type":"product","link":"https:\/\/petityu.com\/en\/anne-kiz-2-8-yas-hasir-sapkalar-bej-hasir\/","title":{"rendered":"Anne K\u0131z (2-8 Ya\u015f) Has\u0131r \u015eapkalar- Bej Hasir"},"content":{"rendered":"<p><p>anne 54 cm kiz cocuk 51 cm 3-8 yasa uyumlu hasir sapka seti anne kiz anneler gunu hediye alternatifi<\/p><\/p>","protected":false},"excerpt":{"rendered":"<p>anne 54 cm kiz cocuk 51 cm 3-8 yasa uyumlu hasir sapka seti anne kiz anneler gunu hediye alternatifi<\/p>","protected":false},"featured_media":5982,"template":"","meta":[],"product_brand":[],"product_cat":[15,935,975],"product_tag":[],"class_list":{"0":"post-5984","1":"product","2":"type-product","3":"status-publish","4":"has-post-thumbnail","6":"product_cat-genel","7":"product_cat-kizcocuk","8":"product_cat-sapka","10":"first","11":"instock","12":"taxable","13":"shipping-taxable","14":"purchasable","15":"product-type-simple"},"_links":{"self":[{"href":"https:\/\/petityu.com\/en\/wp-json\/wp\/v2\/product\/5984","targetHints":{"allow":["GET"]}}],"collection":[{"href":"https:\/\/petityu.com\/en\/wp-json\/wp\/v2\/product"}],"about":[{"href":"https:\/\/petityu.com\/en\/wp-json\/wp\/v2\/types\/product"}],"wp:featuredmedia":[{"embeddable":true,"href":"https:\/\/petityu.com\/en\/wp-json\/wp\/v2\/media\/5982"}],"wp:attachment":[{"href":"https:\/\/petityu.com\/en\/wp-json\/wp\/v2\/media?parent=5984"}],"wp:term":[{"taxonomy":"product_brand","embeddable":true,"href":"https:\/\/petityu.com\/en\/wp-json\/wp\/v2\/product_brand?post=5984"},{"taxonomy":"product_cat","embeddable":true,"href":"https:\/\/petityu.com\/en\/wp-json\/wp\/v2\/product_cat?post=5984"},{"taxonomy":"product_tag","embeddable":true,"href":"https:\/\/petityu.com\/en\/wp-json\/wp\/v2\/product_tag?post=5984"}],"curies":[{"name":"wp","href":"https:\/\/api.w.org\/{rel}","templated":true}]}}