{"id":5988,"date":"2024-09-19T15:04:16","date_gmt":"2024-09-19T12:04:16","guid":{"rendered":"https:\/\/petityu.com\/siyah-dinazor-3d-pufudik-mont\/"},"modified":"2025-09-18T16:12:44","modified_gmt":"2025-09-18T13:12:44","slug":"siyah-dinazor-3d-pufudik-mont","status":"publish","type":"product","link":"https:\/\/petityu.com\/en\/siyah-dinazor-3d-pufudik-mont\/","title":{"rendered":"Petityu Siyah Dinazor 3d Pufudik Mont"},"content":{"rendered":"<p><p>\u00c7ocuklar\u0131n hayal d\u00fcnyas\u0131n\u0131 b\u00fcy\u00fcleyecek siyah dinazor desenli mont! Dinazor fig\u00fcrleri ile s\u00fcslenmi\u015f bu mont, \u00e7ocuklar\u0131n ilgisini \u00e7ekecek ve onlar\u0131 so\u011fuktan koruyacak. Regular boy kesimi ile her \u00e7ocu\u011fun rahatl\u0131kla kullanabilece\u011fi bir yap\u0131ya sahiptir. \u00c7ocuklar\u0131n aktif ya\u015fam tarz\u0131na uygun olarak tasarlanm\u0131\u015f olup, onlar\u0131n hareket \u00f6zg\u00fcrl\u00fc\u011f\u00fcn\u00fc k\u0131s\u0131tlamaz. Hem \u015f\u0131k hem de fonksiyonel bir aksesuar arayan ebeveynler i\u00e7in m\u00fckemmel bir se\u00e7imdir.;<\/p><\/p>","protected":false},"excerpt":{"rendered":"<p>\u00c7ocuklar\u0131n hayal d\u00fcnyas\u0131n\u0131 b\u00fcy\u00fcleyecek siyah dinazor desenli mont! Dinazor fig\u00fcrleri ile s\u00fcslenmi\u015f bu mont, \u00e7ocuklar\u0131n ilgisini \u00e7ekecek ve onlar\u0131 so\u011fuktan koruyacak. Regular boy kesimi ile&hellip;<\/p>","protected":false},"featured_media":5986,"template":"","meta":[],"product_brand":[],"product_cat":[15,936,991],"product_tag":[],"class_list":{"0":"post-5988","1":"product","2":"type-product","3":"status-publish","4":"has-post-thumbnail","6":"product_cat-genel","7":"product_cat-erkekcocuk","8":"product_cat-mont","10":"first","11":"outofstock","12":"taxable","13":"shipping-taxable","14":"purchasable","15":"product-type-simple"},"_links":{"self":[{"href":"https:\/\/petityu.com\/en\/wp-json\/wp\/v2\/product\/5988","targetHints":{"allow":["GET"]}}],"collection":[{"href":"https:\/\/petityu.com\/en\/wp-json\/wp\/v2\/product"}],"about":[{"href":"https:\/\/petityu.com\/en\/wp-json\/wp\/v2\/types\/product"}],"wp:featuredmedia":[{"embeddable":true,"href":"https:\/\/petityu.com\/en\/wp-json\/wp\/v2\/media\/5986"}],"wp:attachment":[{"href":"https:\/\/petityu.com\/en\/wp-json\/wp\/v2\/media?parent=5988"}],"wp:term":[{"taxonomy":"product_brand","embeddable":true,"href":"https:\/\/petityu.com\/en\/wp-json\/wp\/v2\/product_brand?post=5988"},{"taxonomy":"product_cat","embeddable":true,"href":"https:\/\/petityu.com\/en\/wp-json\/wp\/v2\/product_cat?post=5988"},{"taxonomy":"product_tag","embeddable":true,"href":"https:\/\/petityu.com\/en\/wp-json\/wp\/v2\/product_tag?post=5988"}],"curies":[{"name":"wp","href":"https:\/\/api.w.org\/{rel}","templated":true}]}}