{"id":5999,"date":"2024-09-19T15:05:09","date_gmt":"2024-09-19T12:05:09","guid":{"rendered":"https:\/\/petityu.com\/unicorn-baskili-pufudik-mont-lila\/"},"modified":"2026-01-14T16:31:08","modified_gmt":"2026-01-14T13:31:08","slug":"unicorn-baskili-pufudik-mont-lila","status":"publish","type":"product","link":"https:\/\/petityu.com\/en\/unicorn-baskili-pufudik-mont-lila\/","title":{"rendered":"Petityu Unicorn Bask\u0131l\u0131 Pufudik Mont Lila 3-4 Ya\u015f"},"content":{"rendered":"<p><p>\u00c7ocuklar\u0131n hayal d\u00fcnyas\u0131n\u0131 renklendiren unicorn bask\u0131s\u0131 ile dikkat \u00e7eken lila renkli mont, onlar\u0131n tarz\u0131n\u0131 yans\u0131t\u0131rken ayn\u0131 zamanda s\u0131cak tutar.; Dolum dolgu tekni\u011fi sayesinde hafif ve yumu\u015fak bir yap\u0131ya sahiptir, \u00e7ocuklar\u0131n g\u00fcn boyu rahat\u00e7a kullanabilmesi i\u00e7in idealdir.; Regular boy kesimi ile her \u00e7ocu\u011fun v\u00fccut \u00f6l\u00e7\u00fcs\u00fcne uygun olarak tasarlanm\u0131\u015ft\u0131r; ne \u00e7ok dar ne de \u00e7ok bol durur, tam oturur.; Bask\u0131l\u0131 deseniyle g\u00f6z al\u0131c\u0131 bir g\u00f6r\u00fcn\u00fcm sunan bu mont, hem \u015f\u0131kl\u0131\u011f\u0131 hem de konforu bir arada arayan \u00e7ocuklar\u0131n tercihi olur.;<\/p><\/p>","protected":false},"excerpt":{"rendered":"<p>\u00c7ocuklar\u0131n hayal d\u00fcnyas\u0131n\u0131 renklendiren unicorn bask\u0131s\u0131 ile dikkat \u00e7eken lila renkli mont, onlar\u0131n tarz\u0131n\u0131 yans\u0131t\u0131rken ayn\u0131 zamanda s\u0131cak tutar.; Dolum dolgu tekni\u011fi sayesinde hafif ve&hellip;<\/p>","protected":false},"featured_media":5995,"template":"","meta":[],"product_brand":[],"product_cat":[15,935,983],"product_tag":[],"class_list":{"0":"post-5999","1":"product","2":"type-product","3":"status-publish","4":"has-post-thumbnail","6":"product_cat-genel","7":"product_cat-kizcocuk","8":"product_cat-mont-puffy-yelek","10":"first","11":"instock","12":"taxable","13":"shipping-taxable","14":"purchasable","15":"product-type-simple"},"_links":{"self":[{"href":"https:\/\/petityu.com\/en\/wp-json\/wp\/v2\/product\/5999","targetHints":{"allow":["GET"]}}],"collection":[{"href":"https:\/\/petityu.com\/en\/wp-json\/wp\/v2\/product"}],"about":[{"href":"https:\/\/petityu.com\/en\/wp-json\/wp\/v2\/types\/product"}],"wp:featuredmedia":[{"embeddable":true,"href":"https:\/\/petityu.com\/en\/wp-json\/wp\/v2\/media\/5995"}],"wp:attachment":[{"href":"https:\/\/petityu.com\/en\/wp-json\/wp\/v2\/media?parent=5999"}],"wp:term":[{"taxonomy":"product_brand","embeddable":true,"href":"https:\/\/petityu.com\/en\/wp-json\/wp\/v2\/product_brand?post=5999"},{"taxonomy":"product_cat","embeddable":true,"href":"https:\/\/petityu.com\/en\/wp-json\/wp\/v2\/product_cat?post=5999"},{"taxonomy":"product_tag","embeddable":true,"href":"https:\/\/petityu.com\/en\/wp-json\/wp\/v2\/product_tag?post=5999"}],"curies":[{"name":"wp","href":"https:\/\/api.w.org\/{rel}","templated":true}]}}