{"id":6006,"date":"2024-09-19T15:05:48","date_gmt":"2024-09-19T12:05:48","guid":{"rendered":"https:\/\/petityu.com\/astranot-buyuk-kalem-kutusu-cikarilabilir-ic-kalem-kutulu\/"},"modified":"2025-10-31T15:36:21","modified_gmt":"2025-10-31T12:36:21","slug":"astranot-buyuk-kalem-kutusu-cikarilabilir-ic-kalem-kutulu","status":"publish","type":"product","link":"https:\/\/petityu.com\/en\/astranot-buyuk-kalem-kutusu-cikarilabilir-ic-kalem-kutulu\/","title":{"rendered":"Petityu Astranot B\u00fcy\u00fck Kalem Kutusu &#8211; \u00c7\u0131kar\u0131labilir \u0130\u00e7 Kalem Kutulu"},"content":{"rendered":"<p><p>buyuk kalem kutusu icindeki kalem kutusu ayrica cikariabilir cirtli- 2 ayri parca olarak kullanilabilir<\/p><\/p>","protected":false},"excerpt":{"rendered":"<p>buyuk kalem kutusu icindeki kalem kutusu ayrica cikariabilir cirtli- 2 ayri parca olarak kullanilabilir<\/p>","protected":false},"featured_media":6004,"template":"","meta":[],"product_brand":[],"product_cat":[936,15,999],"product_tag":[],"class_list":{"0":"post-6006","1":"product","2":"type-product","3":"status-publish","4":"has-post-thumbnail","6":"product_cat-erkekcocuk","7":"product_cat-genel","8":"product_cat-kalem-kutusu-erkekcocuk","10":"first","11":"instock","12":"taxable","13":"shipping-taxable","14":"purchasable","15":"product-type-simple"},"_links":{"self":[{"href":"https:\/\/petityu.com\/en\/wp-json\/wp\/v2\/product\/6006","targetHints":{"allow":["GET"]}}],"collection":[{"href":"https:\/\/petityu.com\/en\/wp-json\/wp\/v2\/product"}],"about":[{"href":"https:\/\/petityu.com\/en\/wp-json\/wp\/v2\/types\/product"}],"wp:featuredmedia":[{"embeddable":true,"href":"https:\/\/petityu.com\/en\/wp-json\/wp\/v2\/media\/6004"}],"wp:attachment":[{"href":"https:\/\/petityu.com\/en\/wp-json\/wp\/v2\/media?parent=6006"}],"wp:term":[{"taxonomy":"product_brand","embeddable":true,"href":"https:\/\/petityu.com\/en\/wp-json\/wp\/v2\/product_brand?post=6006"},{"taxonomy":"product_cat","embeddable":true,"href":"https:\/\/petityu.com\/en\/wp-json\/wp\/v2\/product_cat?post=6006"},{"taxonomy":"product_tag","embeddable":true,"href":"https:\/\/petityu.com\/en\/wp-json\/wp\/v2\/product_tag?post=6006"}],"curies":[{"name":"wp","href":"https:\/\/api.w.org\/{rel}","templated":true}]}}