{"id":6009,"date":"2024-09-19T15:06:03","date_gmt":"2024-09-19T12:06:03","guid":{"rendered":"https:\/\/petityu.com\/dinazor-anaokulu-sirt-cantasi-mini-yesil-agiz-detayli-canta-mini\/"},"modified":"2026-03-02T15:17:30","modified_gmt":"2026-03-02T12:17:30","slug":"dinazor-anaokulu-sirt-cantasi-mini-yesil-agiz-detayli-canta-mini","status":"publish","type":"product","link":"https:\/\/petityu.com\/en\/dinazor-anaokulu-sirt-cantasi-mini-yesil-agiz-detayli-canta-mini\/","title":{"rendered":"Dinazor Anaokulu S\u0131rt \u00c7antas\u0131 Mini Ye\u015fil &#8211; A\u011f\u0131z Detayl\u0131 \u00c7anta Mini"},"content":{"rendered":"<p><p>Dinazor sirin minik anaokulu cantasi cikarilabilir kaybolma onleyici seritle kapak kismi agiz acilabilir- dis gorunumu<\/p><\/p>","protected":false},"excerpt":{"rendered":"<p>Dinazor sirin minik anaokulu cantasi cikarilabilir kaybolma onleyici seritle kapak kismi agiz acilabilir- dis gorunumu<\/p>","protected":false},"featured_media":5994,"template":"","meta":[],"product_brand":[],"product_cat":[998,936,15],"product_tag":[],"class_list":{"0":"post-6009","1":"product","2":"type-product","3":"status-publish","4":"has-post-thumbnail","6":"product_cat-canta","7":"product_cat-erkekcocuk","8":"product_cat-genel","10":"first","11":"instock","12":"taxable","13":"shipping-taxable","14":"purchasable","15":"product-type-simple"},"_links":{"self":[{"href":"https:\/\/petityu.com\/en\/wp-json\/wp\/v2\/product\/6009","targetHints":{"allow":["GET"]}}],"collection":[{"href":"https:\/\/petityu.com\/en\/wp-json\/wp\/v2\/product"}],"about":[{"href":"https:\/\/petityu.com\/en\/wp-json\/wp\/v2\/types\/product"}],"wp:featuredmedia":[{"embeddable":true,"href":"https:\/\/petityu.com\/en\/wp-json\/wp\/v2\/media\/5994"}],"wp:attachment":[{"href":"https:\/\/petityu.com\/en\/wp-json\/wp\/v2\/media?parent=6009"}],"wp:term":[{"taxonomy":"product_brand","embeddable":true,"href":"https:\/\/petityu.com\/en\/wp-json\/wp\/v2\/product_brand?post=6009"},{"taxonomy":"product_cat","embeddable":true,"href":"https:\/\/petityu.com\/en\/wp-json\/wp\/v2\/product_cat?post=6009"},{"taxonomy":"product_tag","embeddable":true,"href":"https:\/\/petityu.com\/en\/wp-json\/wp\/v2\/product_tag?post=6009"}],"curies":[{"name":"wp","href":"https:\/\/api.w.org\/{rel}","templated":true}]}}