{"id":6013,"date":"2024-09-19T15:06:22","date_gmt":"2024-09-19T12:06:22","guid":{"rendered":"https:\/\/petityu.com\/sevimli-okul-oncesi-cocuk-okul-cantasi-insaat-kucuk-canta\/"},"modified":"2025-08-25T03:21:48","modified_gmt":"2025-08-25T00:21:48","slug":"sevimli-okul-oncesi-cocuk-okul-cantasi-insaat-kucuk-canta","status":"publish","type":"product","link":"https:\/\/petityu.com\/en\/sevimli-okul-oncesi-cocuk-okul-cantasi-insaat-kucuk-canta\/","title":{"rendered":"Sevimli Okul \u00d6ncesi \u00c7ocuk Okul \u00c7antas\u0131 In\u015faat K\u00fc\u00e7\u00fck \u00c7anta"},"content":{"rendered":"<p><p>Sevimli tasar\u0131m\u0131yla k\u00fc\u00e7\u00fck \u00e7ocuklar\u0131n ilgisini \u00e7eken okul \u00f6ncesi \u00e7ocuk okul \u00e7antas\u0131, onlar\u0131n okula gitmekten keyif almas\u0131n\u0131 sa\u011flar.; Dayan\u0131kl\u0131 tekstil materyali sayesinde uzun s\u00fcreli kullan\u0131m imkan\u0131 sunar ve \u00e7ocuklar\u0131n e\u015fyalar\u0131n\u0131 g\u00fcvenle ta\u015f\u0131mas\u0131na olanak tan\u0131r.; \u0130n\u015faat temal\u0131 tasar\u0131m\u0131 ile hem e\u011flenceli hem de e\u011fitici bir deneyim sunarak \u00e7ocuklar\u0131n \u00f6\u011frenme s\u00fcrecini destekler.;<\/p><\/p>","protected":false},"excerpt":{"rendered":"<p>Sevimli tasar\u0131m\u0131yla k\u00fc\u00e7\u00fck \u00e7ocuklar\u0131n ilgisini \u00e7eken okul \u00f6ncesi \u00e7ocuk okul \u00e7antas\u0131, onlar\u0131n okula gitmekten keyif almas\u0131n\u0131 sa\u011flar.; Dayan\u0131kl\u0131 tekstil materyali sayesinde uzun s\u00fcreli kullan\u0131m imkan\u0131&hellip;<\/p>","protected":false},"featured_media":6011,"template":"","meta":[],"product_brand":[],"product_cat":[998,936,15],"product_tag":[],"class_list":{"0":"post-6013","1":"product","2":"type-product","3":"status-publish","4":"has-post-thumbnail","6":"product_cat-canta","7":"product_cat-erkekcocuk","8":"product_cat-genel","10":"first","11":"instock","12":"taxable","13":"shipping-taxable","14":"purchasable","15":"product-type-simple"},"_links":{"self":[{"href":"https:\/\/petityu.com\/en\/wp-json\/wp\/v2\/product\/6013","targetHints":{"allow":["GET"]}}],"collection":[{"href":"https:\/\/petityu.com\/en\/wp-json\/wp\/v2\/product"}],"about":[{"href":"https:\/\/petityu.com\/en\/wp-json\/wp\/v2\/types\/product"}],"wp:featuredmedia":[{"embeddable":true,"href":"https:\/\/petityu.com\/en\/wp-json\/wp\/v2\/media\/6011"}],"wp:attachment":[{"href":"https:\/\/petityu.com\/en\/wp-json\/wp\/v2\/media?parent=6013"}],"wp:term":[{"taxonomy":"product_brand","embeddable":true,"href":"https:\/\/petityu.com\/en\/wp-json\/wp\/v2\/product_brand?post=6013"},{"taxonomy":"product_cat","embeddable":true,"href":"https:\/\/petityu.com\/en\/wp-json\/wp\/v2\/product_cat?post=6013"},{"taxonomy":"product_tag","embeddable":true,"href":"https:\/\/petityu.com\/en\/wp-json\/wp\/v2\/product_tag?post=6013"}],"curies":[{"name":"wp","href":"https:\/\/api.w.org\/{rel}","templated":true}]}}