{"id":6017,"date":"2024-09-19T15:06:42","date_gmt":"2024-09-19T12:06:42","guid":{"rendered":"https:\/\/petityu.com\/kirmizi-corap-puantiyeli-fiyonklu-0-1-yas\/"},"modified":"2025-10-31T15:20:02","modified_gmt":"2025-10-31T12:20:02","slug":"kirmizi-corap-puantiyeli-fiyonklu-0-1-yas","status":"publish","type":"product","link":"https:\/\/petityu.com\/en\/kirmizi-corap-puantiyeli-fiyonklu-0-1-yas\/","title":{"rendered":"K\u0131rm\u0131z\u0131 \u00c7orap Puantiyeli Fiyonklu 0-1 Ya\u015f"},"content":{"rendered":"<p><p>Puantiyeli<\/p><br \/>\n<p>Fiyonklu<\/p><br \/>\n<p>K\u0131rm\u0131z\u0131 renk<\/p><br \/>\n<p>K\u0131z Bebek \u00c7orap<\/p><br \/>\n<p>0-1 Ya\u015f<\/p><\/p>","protected":false},"excerpt":{"rendered":"<p>Puantiyeli Fiyonklu K\u0131rm\u0131z\u0131 renk K\u0131z Bebek \u00c7orap 0-1 Ya\u015f<\/p>","protected":false},"featured_media":6015,"template":"","meta":[],"product_brand":[],"product_cat":[15],"product_tag":[],"class_list":{"0":"post-6017","1":"product","2":"type-product","3":"status-publish","4":"has-post-thumbnail","6":"product_cat-genel","8":"first","9":"instock","10":"taxable","11":"shipping-taxable","12":"purchasable","13":"product-type-simple"},"_links":{"self":[{"href":"https:\/\/petityu.com\/en\/wp-json\/wp\/v2\/product\/6017","targetHints":{"allow":["GET"]}}],"collection":[{"href":"https:\/\/petityu.com\/en\/wp-json\/wp\/v2\/product"}],"about":[{"href":"https:\/\/petityu.com\/en\/wp-json\/wp\/v2\/types\/product"}],"wp:featuredmedia":[{"embeddable":true,"href":"https:\/\/petityu.com\/en\/wp-json\/wp\/v2\/media\/6015"}],"wp:attachment":[{"href":"https:\/\/petityu.com\/en\/wp-json\/wp\/v2\/media?parent=6017"}],"wp:term":[{"taxonomy":"product_brand","embeddable":true,"href":"https:\/\/petityu.com\/en\/wp-json\/wp\/v2\/product_brand?post=6017"},{"taxonomy":"product_cat","embeddable":true,"href":"https:\/\/petityu.com\/en\/wp-json\/wp\/v2\/product_cat?post=6017"},{"taxonomy":"product_tag","embeddable":true,"href":"https:\/\/petityu.com\/en\/wp-json\/wp\/v2\/product_tag?post=6017"}],"curies":[{"name":"wp","href":"https:\/\/api.w.org\/{rel}","templated":true}]}}