{"id":6020,"date":"2024-09-19T15:07:02","date_gmt":"2024-09-19T12:07:02","guid":{"rendered":"https:\/\/petityu.com\/polar-kulaklari-koruyan-sicak-tutan-cocuk-bere\/"},"modified":"2025-10-23T16:13:22","modified_gmt":"2025-10-23T13:13:22","slug":"polar-kulaklari-koruyan-sicak-tutan-cocuk-bere","status":"publish","type":"product","link":"https:\/\/petityu.com\/en\/polar-kulaklari-koruyan-sicak-tutan-cocuk-bere\/","title":{"rendered":"Petityu Polar Kulaklar\u0131 Koruyan S\u0131cak Tutan \u00c7ocuk Bere"},"content":{"rendered":"<p><p>Yumu\u015fak polar materyali sayesinde bebe\u011finizin kafa derisini tahri\u015f etmeden konforlu bir kullan\u0131m sunar.; K\u0131\u015f mevsiminin sert ko\u015fullar\u0131nda bile bebe\u011finizin kulaklar\u0131n\u0131 korurken ayn\u0131 zamanda s\u0131cakl\u0131k sa\u011flar.; \u015e\u0131k tasar\u0131m\u0131 ile hem fonksiyonel hem de estetik bir aksesuar olarak bebe\u011finizin tarz\u0131n\u0131 tamamlar.;<\/p><\/p>","protected":false},"excerpt":{"rendered":"<p>Yumu\u015fak polar materyali sayesinde bebe\u011finizin kafa derisini tahri\u015f etmeden konforlu bir kullan\u0131m sunar.; K\u0131\u015f mevsiminin sert ko\u015fullar\u0131nda bile bebe\u011finizin kulaklar\u0131n\u0131 korurken ayn\u0131 zamanda s\u0131cakl\u0131k sa\u011flar.;&hellip;<\/p>","protected":false},"featured_media":6012,"template":"","meta":[],"product_brand":[],"product_cat":[15,997,936],"product_tag":[],"class_list":{"0":"post-6020","1":"product","2":"type-product","3":"status-publish","4":"has-post-thumbnail","6":"product_cat-genel","7":"product_cat-atki-bere-eldiven","8":"product_cat-erkekcocuk","10":"first","11":"outofstock","12":"taxable","13":"shipping-taxable","14":"purchasable","15":"product-type-simple"},"_links":{"self":[{"href":"https:\/\/petityu.com\/en\/wp-json\/wp\/v2\/product\/6020","targetHints":{"allow":["GET"]}}],"collection":[{"href":"https:\/\/petityu.com\/en\/wp-json\/wp\/v2\/product"}],"about":[{"href":"https:\/\/petityu.com\/en\/wp-json\/wp\/v2\/types\/product"}],"wp:featuredmedia":[{"embeddable":true,"href":"https:\/\/petityu.com\/en\/wp-json\/wp\/v2\/media\/6012"}],"wp:attachment":[{"href":"https:\/\/petityu.com\/en\/wp-json\/wp\/v2\/media?parent=6020"}],"wp:term":[{"taxonomy":"product_brand","embeddable":true,"href":"https:\/\/petityu.com\/en\/wp-json\/wp\/v2\/product_brand?post=6020"},{"taxonomy":"product_cat","embeddable":true,"href":"https:\/\/petityu.com\/en\/wp-json\/wp\/v2\/product_cat?post=6020"},{"taxonomy":"product_tag","embeddable":true,"href":"https:\/\/petityu.com\/en\/wp-json\/wp\/v2\/product_tag?post=6020"}],"curies":[{"name":"wp","href":"https:\/\/api.w.org\/{rel}","templated":true}]}}