{"id":6023,"date":"2024-09-19T15:07:15","date_gmt":"2024-09-19T12:07:15","guid":{"rendered":"https:\/\/petityu.com\/sirin-sicak-tutan-cocuk-atki-bunnies-in-town-pembe-tavsan\/"},"modified":"2025-10-31T15:09:44","modified_gmt":"2025-10-31T12:09:44","slug":"sirin-sicak-tutan-cocuk-atki-bunnies-in-town-pembe-tavsan","status":"publish","type":"product","link":"https:\/\/petityu.com\/en\/sirin-sicak-tutan-cocuk-atki-bunnies-in-town-pembe-tavsan\/","title":{"rendered":"Petityu \u015eirin S\u0131cak Tutan \u00c7ocuk Atk\u0131 &#8211; Bunnies In Town Pembe Tav\u015fan"},"content":{"rendered":"<p><p>Bebek ve \u00e7ocuklar\u0131n s\u0131cak kalmas\u0131 i\u00e7in ideal, yumu\u015fak dokulu pembe tav\u015fan desenli atk\u0131.; Rahatl\u0131k ve stil bir arada sunar; \u015f\u0131k tasar\u0131m\u0131 ile bebeklerinizi so\u011fuktan korurken ayn\u0131 zamanda sevimlilik katar.; \u00c7e\u015fitli ya\u015f gruplar\u0131na uygun olarak tasarlanm\u0131\u015ft\u0131r; bebeklerden k\u00fc\u00e7\u00fck \u00e7ocuklara kadar geni\u015f bir kullan\u0131c\u0131 yelpazesine hitap eder.; Pembe tav\u015fan bask\u0131s\u0131yla dikkat \u00e7eken bu atk\u0131, hem k\u0131z hem de erkek \u00e7ocuklar\u0131 mutlu edecek sevimli bir aksesuard\u0131r.; G\u00fcnl\u00fck kullan\u0131ma uygun olup, k\u0131\u015f aylar\u0131nda \u00e7ocuklar\u0131n\u0131z\u0131n vazge\u00e7ilmezi olacak pratik bir se\u00e7enektir.;<\/p><\/p>","protected":false},"excerpt":{"rendered":"<p>Bebek ve \u00e7ocuklar\u0131n s\u0131cak kalmas\u0131 i\u00e7in ideal, yumu\u015fak dokulu pembe tav\u015fan desenli atk\u0131.; Rahatl\u0131k ve stil bir arada sunar; \u015f\u0131k tasar\u0131m\u0131 ile bebeklerinizi so\u011fuktan korurken&hellip;<\/p>","protected":false},"featured_media":6019,"template":"","meta":[],"product_brand":[],"product_cat":[15,981,935],"product_tag":[],"class_list":{"0":"post-6023","1":"product","2":"type-product","3":"status-publish","4":"has-post-thumbnail","6":"product_cat-genel","7":"product_cat-bere-atki-eldiven","8":"product_cat-kizcocuk","10":"first","11":"instock","12":"taxable","13":"shipping-taxable","14":"purchasable","15":"product-type-simple"},"_links":{"self":[{"href":"https:\/\/petityu.com\/en\/wp-json\/wp\/v2\/product\/6023","targetHints":{"allow":["GET"]}}],"collection":[{"href":"https:\/\/petityu.com\/en\/wp-json\/wp\/v2\/product"}],"about":[{"href":"https:\/\/petityu.com\/en\/wp-json\/wp\/v2\/types\/product"}],"wp:featuredmedia":[{"embeddable":true,"href":"https:\/\/petityu.com\/en\/wp-json\/wp\/v2\/media\/6019"}],"wp:attachment":[{"href":"https:\/\/petityu.com\/en\/wp-json\/wp\/v2\/media?parent=6023"}],"wp:term":[{"taxonomy":"product_brand","embeddable":true,"href":"https:\/\/petityu.com\/en\/wp-json\/wp\/v2\/product_brand?post=6023"},{"taxonomy":"product_cat","embeddable":true,"href":"https:\/\/petityu.com\/en\/wp-json\/wp\/v2\/product_cat?post=6023"},{"taxonomy":"product_tag","embeddable":true,"href":"https:\/\/petityu.com\/en\/wp-json\/wp\/v2\/product_tag?post=6023"}],"curies":[{"name":"wp","href":"https:\/\/api.w.org\/{rel}","templated":true}]}}