{"id":6028,"date":"2024-09-19T15:07:47","date_gmt":"2024-09-19T12:07:47","guid":{"rendered":"https:\/\/petityu.com\/yumusacik-cocuk-sirin-ayicik-atki\/"},"modified":"2025-10-31T15:03:50","modified_gmt":"2025-10-31T12:03:50","slug":"yumusacik-cocuk-sirin-ayicik-atki","status":"publish","type":"product","link":"https:\/\/petityu.com\/en\/yumusacik-cocuk-sirin-ayicik-atki\/","title":{"rendered":"Petityu Yumu\u015fac\u0131k \u00c7ocuk \u015eirin Ay\u0131c\u0131k Atk\u0131"},"content":{"rendered":"<p><p>Yumu\u015fac\u0131k \u015eirin \u00c7ocuk Atk\u0131<\/p><br \/>\n<p>Brown<\/p><br \/>\n<p>Ay\u0131c\u0131k desenli atk\u0131<\/p><\/p>","protected":false},"excerpt":{"rendered":"<p>Yumu\u015fac\u0131k \u015eirin \u00c7ocuk Atk\u0131 Kahverengi Ay\u0131c\u0131k desenli atk\u0131<\/p>","protected":false},"featured_media":6022,"template":"","meta":[],"product_brand":[],"product_cat":[15,997,981,936,935],"product_tag":[],"class_list":{"0":"post-6028","1":"product","2":"type-product","3":"status-publish","4":"has-post-thumbnail","6":"product_cat-genel","7":"product_cat-atki-bere-eldiven","8":"product_cat-bere-atki-eldiven","9":"product_cat-erkekcocuk","10":"product_cat-kizcocuk","12":"first","13":"instock","14":"taxable","15":"shipping-taxable","16":"purchasable","17":"product-type-simple"},"_links":{"self":[{"href":"https:\/\/petityu.com\/en\/wp-json\/wp\/v2\/product\/6028","targetHints":{"allow":["GET"]}}],"collection":[{"href":"https:\/\/petityu.com\/en\/wp-json\/wp\/v2\/product"}],"about":[{"href":"https:\/\/petityu.com\/en\/wp-json\/wp\/v2\/types\/product"}],"wp:featuredmedia":[{"embeddable":true,"href":"https:\/\/petityu.com\/en\/wp-json\/wp\/v2\/media\/6022"}],"wp:attachment":[{"href":"https:\/\/petityu.com\/en\/wp-json\/wp\/v2\/media?parent=6028"}],"wp:term":[{"taxonomy":"product_brand","embeddable":true,"href":"https:\/\/petityu.com\/en\/wp-json\/wp\/v2\/product_brand?post=6028"},{"taxonomy":"product_cat","embeddable":true,"href":"https:\/\/petityu.com\/en\/wp-json\/wp\/v2\/product_cat?post=6028"},{"taxonomy":"product_tag","embeddable":true,"href":"https:\/\/petityu.com\/en\/wp-json\/wp\/v2\/product_tag?post=6028"}],"curies":[{"name":"wp","href":"https:\/\/api.w.org\/{rel}","templated":true}]}}