{"id":6029,"date":"2024-09-19T15:07:48","date_gmt":"2024-09-19T12:07:48","guid":{"rendered":"https:\/\/petityu.com\/unicorn-profesyonel-kayak-kar-eldiveni-seker-pembesi-ici-kurklu-sugecirmez-eldiven\/"},"modified":"2025-08-21T14:25:48","modified_gmt":"2025-08-21T11:25:48","slug":"unicorn-profesyonel-kayak-kar-eldiveni-seker-pembesi-ici-kurklu-sugecirmez-eldiven","status":"publish","type":"product","link":"https:\/\/petityu.com\/en\/unicorn-profesyonel-kayak-kar-eldiveni-seker-pembesi-ici-kurklu-sugecirmez-eldiven\/","title":{"rendered":"Unicorn Profesyonel Kayak Kar Eldiveni \u015eeker Pembesi I\u00e7i K\u00fcrkl\u00fc Suge\u00e7irmez Eldiven"},"content":{"rendered":"<p><p>Sugecirmez Sicacik tutan Yumusacik Kayak eldiveni<\/p><\/p>","protected":false},"excerpt":{"rendered":"<p>Sugecirmez Sicacik tutan Yumusacik Kayak eldiveni<\/p>","protected":false},"featured_media":6025,"template":"","meta":[],"product_brand":[],"product_cat":[15,981,935],"product_tag":[],"class_list":{"0":"post-6029","1":"product","2":"type-product","3":"status-publish","4":"has-post-thumbnail","6":"product_cat-genel","7":"product_cat-bere-atki-eldiven","8":"product_cat-kizcocuk","10":"first","11":"outofstock","12":"taxable","13":"shipping-taxable","14":"purchasable","15":"product-type-simple"},"_links":{"self":[{"href":"https:\/\/petityu.com\/en\/wp-json\/wp\/v2\/product\/6029","targetHints":{"allow":["GET"]}}],"collection":[{"href":"https:\/\/petityu.com\/en\/wp-json\/wp\/v2\/product"}],"about":[{"href":"https:\/\/petityu.com\/en\/wp-json\/wp\/v2\/types\/product"}],"wp:featuredmedia":[{"embeddable":true,"href":"https:\/\/petityu.com\/en\/wp-json\/wp\/v2\/media\/6025"}],"wp:attachment":[{"href":"https:\/\/petityu.com\/en\/wp-json\/wp\/v2\/media?parent=6029"}],"wp:term":[{"taxonomy":"product_brand","embeddable":true,"href":"https:\/\/petityu.com\/en\/wp-json\/wp\/v2\/product_brand?post=6029"},{"taxonomy":"product_cat","embeddable":true,"href":"https:\/\/petityu.com\/en\/wp-json\/wp\/v2\/product_cat?post=6029"},{"taxonomy":"product_tag","embeddable":true,"href":"https:\/\/petityu.com\/en\/wp-json\/wp\/v2\/product_tag?post=6029"}],"curies":[{"name":"wp","href":"https:\/\/api.w.org\/{rel}","templated":true}]}}