{"id":6031,"date":"2024-09-19T15:07:57","date_gmt":"2024-09-19T12:07:57","guid":{"rendered":"https:\/\/petityu.com\/kahramanlar-kayak-eldiveni-3-6-yas-marvel-hulk-kayak-eldiveni-iron-man\/"},"modified":"2026-02-27T15:26:28","modified_gmt":"2026-02-27T12:26:28","slug":"kahramanlar-kayak-eldiveni-3-6-yas-marvel-hulk-kayak-eldiveni-iron-man","status":"publish","type":"product","link":"https:\/\/petityu.com\/en\/kahramanlar-kayak-eldiveni-3-6-yas-marvel-hulk-kayak-eldiveni-iron-man\/","title":{"rendered":"Kahramanlar Kayak Eldiveni 3-6 Ya\u015f Marvel Hulk Kayak Eldiveni Iron Man"},"content":{"rendered":"<p><p>\u00c7ocuklar i\u00e7in profesyonel kayak eldiveni<\/p><\/p>","protected":false},"excerpt":{"rendered":"<p>\u00c7ocuklar i\u00e7in profesyonel kayak eldiveni<\/p>","protected":false},"featured_media":6030,"template":"","meta":[],"product_brand":[],"product_cat":[15,997,936],"product_tag":[],"class_list":{"0":"post-6031","1":"product","2":"type-product","3":"status-publish","4":"has-post-thumbnail","6":"product_cat-genel","7":"product_cat-atki-bere-eldiven","8":"product_cat-erkekcocuk","10":"first","11":"instock","12":"taxable","13":"shipping-taxable","14":"purchasable","15":"product-type-simple"},"_links":{"self":[{"href":"https:\/\/petityu.com\/en\/wp-json\/wp\/v2\/product\/6031","targetHints":{"allow":["GET"]}}],"collection":[{"href":"https:\/\/petityu.com\/en\/wp-json\/wp\/v2\/product"}],"about":[{"href":"https:\/\/petityu.com\/en\/wp-json\/wp\/v2\/types\/product"}],"wp:featuredmedia":[{"embeddable":true,"href":"https:\/\/petityu.com\/en\/wp-json\/wp\/v2\/media\/6030"}],"wp:attachment":[{"href":"https:\/\/petityu.com\/en\/wp-json\/wp\/v2\/media?parent=6031"}],"wp:term":[{"taxonomy":"product_brand","embeddable":true,"href":"https:\/\/petityu.com\/en\/wp-json\/wp\/v2\/product_brand?post=6031"},{"taxonomy":"product_cat","embeddable":true,"href":"https:\/\/petityu.com\/en\/wp-json\/wp\/v2\/product_cat?post=6031"},{"taxonomy":"product_tag","embeddable":true,"href":"https:\/\/petityu.com\/en\/wp-json\/wp\/v2\/product_tag?post=6031"}],"curies":[{"name":"wp","href":"https:\/\/api.w.org\/{rel}","templated":true}]}}