{"id":6036,"date":"2024-09-19T15:08:27","date_gmt":"2024-09-19T12:08:27","guid":{"rendered":"https:\/\/petityu.com\/pokemon-kislik-kalin-bere-isikli-kulaklari-oynatilabilen\/"},"modified":"2025-10-30T15:27:34","modified_gmt":"2025-10-30T12:27:34","slug":"pokemon-kislik-kalin-bere-isikli-kulaklari-oynatilabilen","status":"publish","type":"product","link":"https:\/\/petityu.com\/en\/pokemon-kislik-kalin-bere-isikli-kulaklari-oynatilabilen\/","title":{"rendered":"Pokemon K\u0131\u015fl\u0131k Kal\u0131n Bere I\u015f\u0131kl\u0131 Kulaklar\u0131 Oynatilabilen"},"content":{"rendered":"<p><p>3-8 ya\u015f Pokemon bere Kulaklar\u0131 oynat\u0131labilen bere \u0131\u015f\u0131kl\u0131 &#8211; ayarlanabilir \u0131\u015f\u0131k Pompa alaninin ustundeki isik acma dugmesi plastik pim cekilince calisir<\/p><\/p>","protected":false},"excerpt":{"rendered":"<p>3-8 ya\u015f Pokemon bere Kulaklar\u0131 oynat\u0131labilen bere \u0131\u015f\u0131kl\u0131 &#8211; ayarlanabilir \u0131\u015f\u0131k Pompa alaninin ustundeki isik acma dugmesi plastik pim cekilince calisir<\/p>","protected":false},"featured_media":6032,"template":"","meta":[],"product_brand":[],"product_cat":[15,997,981,936,935],"product_tag":[],"class_list":{"0":"post-6036","1":"product","2":"type-product","3":"status-publish","4":"has-post-thumbnail","6":"product_cat-genel","7":"product_cat-atki-bere-eldiven","8":"product_cat-bere-atki-eldiven","9":"product_cat-erkekcocuk","10":"product_cat-kizcocuk","12":"first","13":"instock","14":"taxable","15":"shipping-taxable","16":"purchasable","17":"product-type-simple"},"_links":{"self":[{"href":"https:\/\/petityu.com\/en\/wp-json\/wp\/v2\/product\/6036","targetHints":{"allow":["GET"]}}],"collection":[{"href":"https:\/\/petityu.com\/en\/wp-json\/wp\/v2\/product"}],"about":[{"href":"https:\/\/petityu.com\/en\/wp-json\/wp\/v2\/types\/product"}],"wp:featuredmedia":[{"embeddable":true,"href":"https:\/\/petityu.com\/en\/wp-json\/wp\/v2\/media\/6032"}],"wp:attachment":[{"href":"https:\/\/petityu.com\/en\/wp-json\/wp\/v2\/media?parent=6036"}],"wp:term":[{"taxonomy":"product_brand","embeddable":true,"href":"https:\/\/petityu.com\/en\/wp-json\/wp\/v2\/product_brand?post=6036"},{"taxonomy":"product_cat","embeddable":true,"href":"https:\/\/petityu.com\/en\/wp-json\/wp\/v2\/product_cat?post=6036"},{"taxonomy":"product_tag","embeddable":true,"href":"https:\/\/petityu.com\/en\/wp-json\/wp\/v2\/product_tag?post=6036"}],"curies":[{"name":"wp","href":"https:\/\/api.w.org\/{rel}","templated":true}]}}