{"id":6038,"date":"2024-09-19T15:08:37","date_gmt":"2024-09-19T12:08:37","guid":{"rendered":"https:\/\/petityu.com\/uv-gunes-korumali-sapka-laci-uzay-gemisi-sapka-22lbcifttarafliuzaysapkalaci\/"},"modified":"2026-03-26T14:48:42","modified_gmt":"2026-03-26T11:48:42","slug":"uv-gunes-korumali-sapka-laci-uzay-gemisi-sapka-22lbcifttarafliuzaysapkalaci","status":"publish","type":"product","link":"https:\/\/petityu.com\/en\/uv-gunes-korumali-sapka-laci-uzay-gemisi-sapka-22lbcifttarafliuzaysapkalaci\/","title":{"rendered":"Uv G\u00fcne\u015f Korumal\u0131 \u015eapka \u2013 Laci Uzay Gemisi \u015eapka 0-2 Ya\u015f"},"content":{"rendered":"<p><p>iki tarafli kullanima uygundur. ici lacivert beyaz kareli desen 50 cm capli<\/p><br \/>\n<p>0-2 ya\u015f<\/p><\/p>","protected":false},"excerpt":{"rendered":"<p>iki tarafli kullanima uygundur. ici lacivert beyaz kareli desen 50 cm capli 0-2 ya\u015f<\/p>","protected":false},"featured_media":6037,"template":"","meta":[],"product_brand":[],"product_cat":[936,15,996],"product_tag":[],"class_list":{"0":"post-6038","1":"product","2":"type-product","3":"status-publish","4":"has-post-thumbnail","6":"product_cat-erkekcocuk","7":"product_cat-genel","8":"product_cat-sapka-erkekcocuk","10":"first","11":"instock","12":"taxable","13":"shipping-taxable","14":"purchasable","15":"product-type-simple"},"_links":{"self":[{"href":"https:\/\/petityu.com\/en\/wp-json\/wp\/v2\/product\/6038","targetHints":{"allow":["GET"]}}],"collection":[{"href":"https:\/\/petityu.com\/en\/wp-json\/wp\/v2\/product"}],"about":[{"href":"https:\/\/petityu.com\/en\/wp-json\/wp\/v2\/types\/product"}],"wp:featuredmedia":[{"embeddable":true,"href":"https:\/\/petityu.com\/en\/wp-json\/wp\/v2\/media\/6037"}],"wp:attachment":[{"href":"https:\/\/petityu.com\/en\/wp-json\/wp\/v2\/media?parent=6038"}],"wp:term":[{"taxonomy":"product_brand","embeddable":true,"href":"https:\/\/petityu.com\/en\/wp-json\/wp\/v2\/product_brand?post=6038"},{"taxonomy":"product_cat","embeddable":true,"href":"https:\/\/petityu.com\/en\/wp-json\/wp\/v2\/product_cat?post=6038"},{"taxonomy":"product_tag","embeddable":true,"href":"https:\/\/petityu.com\/en\/wp-json\/wp\/v2\/product_tag?post=6038"}],"curies":[{"name":"wp","href":"https:\/\/api.w.org\/{rel}","templated":true}]}}