{"id":6043,"date":"2024-09-19T15:09:03","date_gmt":"2024-09-19T12:09:03","guid":{"rendered":"https:\/\/petityu.com\/beyaz-ustu-unicorn-desenli-yazlik-sapka\/"},"modified":"2026-03-27T16:05:39","modified_gmt":"2026-03-27T13:05:39","slug":"beyaz-ustu-unicorn-desenli-yazlik-sapka","status":"publish","type":"product","link":"https:\/\/petityu.com\/en\/beyaz-ustu-unicorn-desenli-yazlik-sapka\/","title":{"rendered":"Beyaz \u00dcst\u00fc Unicorn Desenli Yazl\u0131k \u015eapka 1-3 Ya\u015f"},"content":{"rendered":"<p><p>Beyaz \u00fcst\u00fc unicorn desenli yazl\u0131k \u015fapka<\/p><br \/>\n<p>1-3 ya\u015f<\/p><\/p>","protected":false},"excerpt":{"rendered":"<p>Beyaz \u00fcst\u00fc unicorn desenli yazl\u0131k \u015fapka 1-3 ya\u015f<\/p>","protected":false},"featured_media":6042,"template":"","meta":[],"product_brand":[],"product_cat":[15,935,975],"product_tag":[],"class_list":{"0":"post-6043","1":"product","2":"type-product","3":"status-publish","4":"has-post-thumbnail","6":"product_cat-genel","7":"product_cat-kizcocuk","8":"product_cat-sapka","10":"first","11":"instock","12":"taxable","13":"shipping-taxable","14":"purchasable","15":"product-type-simple"},"_links":{"self":[{"href":"https:\/\/petityu.com\/en\/wp-json\/wp\/v2\/product\/6043","targetHints":{"allow":["GET"]}}],"collection":[{"href":"https:\/\/petityu.com\/en\/wp-json\/wp\/v2\/product"}],"about":[{"href":"https:\/\/petityu.com\/en\/wp-json\/wp\/v2\/types\/product"}],"wp:featuredmedia":[{"embeddable":true,"href":"https:\/\/petityu.com\/en\/wp-json\/wp\/v2\/media\/6042"}],"wp:attachment":[{"href":"https:\/\/petityu.com\/en\/wp-json\/wp\/v2\/media?parent=6043"}],"wp:term":[{"taxonomy":"product_brand","embeddable":true,"href":"https:\/\/petityu.com\/en\/wp-json\/wp\/v2\/product_brand?post=6043"},{"taxonomy":"product_cat","embeddable":true,"href":"https:\/\/petityu.com\/en\/wp-json\/wp\/v2\/product_cat?post=6043"},{"taxonomy":"product_tag","embeddable":true,"href":"https:\/\/petityu.com\/en\/wp-json\/wp\/v2\/product_tag?post=6043"}],"curies":[{"name":"wp","href":"https:\/\/api.w.org\/{rel}","templated":true}]}}