{"id":6047,"date":"2024-09-19T15:09:22","date_gmt":"2024-09-19T12:09:22","guid":{"rendered":"https:\/\/petityu.com\/0-2-yas-bebek-gozluk-uv400-koruma-tpee-polarize-bebek-kiz-esnek-gunes-gozlugu\/"},"modified":"2026-05-13T09:10:13","modified_gmt":"2026-05-13T06:10:13","slug":"0-2-yas-bebek-gozluk-uv400-koruma-tpee-polarize-bebek-kiz-esnek-gunes-gozlugu","status":"publish","type":"product","link":"https:\/\/petityu.com\/en\/0-2-yas-bebek-gozluk-uv400-koruma-tpee-polarize-bebek-kiz-esnek-gunes-gozlugu\/","title":{"rendered":"0-2 Ya\u015f Bebek G\u00f6zl\u00fck Uv400 Koruma Tpee Polarize Bebek Esnek G\u00fcne\u015f G\u00f6zl\u00fc\u011f\u00fc"},"content":{"rendered":"<p><p>UV400 koruma polarize cam Kategori 3 Elastik TPEE Silikon kay\u0131\u015f hediyeli Silme Mendili k\u0131l\u0131f ve kutuludur<\/p><\/p>","protected":false},"excerpt":{"rendered":"<p>UV400 koruma polarize cam Kategori 3 Elastik TPEE Silikon kay\u0131\u015f hediyeli Silme Mendili k\u0131l\u0131f ve kutuludur<\/p>","protected":false},"featured_media":6046,"template":"","meta":[],"product_brand":[],"product_cat":[15,936,979,993,935],"product_tag":[],"class_list":{"0":"post-6047","1":"product","2":"type-product","3":"status-publish","4":"has-post-thumbnail","6":"product_cat-genel","7":"product_cat-erkekcocuk","8":"product_cat-gunes-gozlugu","9":"product_cat-gunes-gozlugu-erkekcocuk","10":"product_cat-kizcocuk","12":"first","13":"instock","14":"taxable","15":"shipping-taxable","16":"purchasable","17":"product-type-simple"},"_links":{"self":[{"href":"https:\/\/petityu.com\/en\/wp-json\/wp\/v2\/product\/6047","targetHints":{"allow":["GET"]}}],"collection":[{"href":"https:\/\/petityu.com\/en\/wp-json\/wp\/v2\/product"}],"about":[{"href":"https:\/\/petityu.com\/en\/wp-json\/wp\/v2\/types\/product"}],"wp:featuredmedia":[{"embeddable":true,"href":"https:\/\/petityu.com\/en\/wp-json\/wp\/v2\/media\/6046"}],"wp:attachment":[{"href":"https:\/\/petityu.com\/en\/wp-json\/wp\/v2\/media?parent=6047"}],"wp:term":[{"taxonomy":"product_brand","embeddable":true,"href":"https:\/\/petityu.com\/en\/wp-json\/wp\/v2\/product_brand?post=6047"},{"taxonomy":"product_cat","embeddable":true,"href":"https:\/\/petityu.com\/en\/wp-json\/wp\/v2\/product_cat?post=6047"},{"taxonomy":"product_tag","embeddable":true,"href":"https:\/\/petityu.com\/en\/wp-json\/wp\/v2\/product_tag?post=6047"}],"curies":[{"name":"wp","href":"https:\/\/api.w.org\/{rel}","templated":true}]}}