{"id":6049,"date":"2024-09-19T15:09:32","date_gmt":"2024-09-19T12:09:32","guid":{"rendered":"https:\/\/petityu.com\/0-2-yas-bebek-gozluk-uv400-koruma-tpee-polarize-bebek-kiz-esnek-gunes-gozlugu-2\/"},"modified":"2025-08-21T13:59:22","modified_gmt":"2025-08-21T10:59:22","slug":"0-2-yas-bebek-gozluk-uv400-koruma-tpee-polarize-bebek-kiz-esnek-gunes-gozlugu-2","status":"publish","type":"product","link":"https:\/\/petityu.com\/en\/0-2-yas-bebek-gozluk-uv400-koruma-tpee-polarize-bebek-kiz-esnek-gunes-gozlugu-2\/","title":{"rendered":"0-2 Ya\u015f Bebek G\u00f6zl\u00fck Uv400 Koruma Tpee Polarize Bebek K\u0131z Esnek G\u00fcne\u015f G\u00f6zl\u00fc\u011f\u00fc"},"content":{"rendered":"<p><p>UV400 koruma polarize cam Kategori 3 Elastik TPEE Silikon kay\u0131\u015f hediyeli Silme Mendili k\u0131l\u0131f ve kutuludur<\/p><\/p>","protected":false},"excerpt":{"rendered":"<p>UV400 koruma polarize cam Kategori 3 Elastik TPEE Silikon kay\u0131\u015f hediyeli Silme Mendili k\u0131l\u0131f ve kutuludur<\/p>","protected":false},"featured_media":6048,"template":"","meta":[],"product_brand":[],"product_cat":[15,979,935],"product_tag":[],"class_list":{"0":"post-6049","1":"product","2":"type-product","3":"status-publish","4":"has-post-thumbnail","6":"product_cat-genel","7":"product_cat-gunes-gozlugu","8":"product_cat-kizcocuk","10":"first","11":"outofstock","12":"taxable","13":"shipping-taxable","14":"purchasable","15":"product-type-simple"},"_links":{"self":[{"href":"https:\/\/petityu.com\/en\/wp-json\/wp\/v2\/product\/6049","targetHints":{"allow":["GET"]}}],"collection":[{"href":"https:\/\/petityu.com\/en\/wp-json\/wp\/v2\/product"}],"about":[{"href":"https:\/\/petityu.com\/en\/wp-json\/wp\/v2\/types\/product"}],"wp:featuredmedia":[{"embeddable":true,"href":"https:\/\/petityu.com\/en\/wp-json\/wp\/v2\/media\/6048"}],"wp:attachment":[{"href":"https:\/\/petityu.com\/en\/wp-json\/wp\/v2\/media?parent=6049"}],"wp:term":[{"taxonomy":"product_brand","embeddable":true,"href":"https:\/\/petityu.com\/en\/wp-json\/wp\/v2\/product_brand?post=6049"},{"taxonomy":"product_cat","embeddable":true,"href":"https:\/\/petityu.com\/en\/wp-json\/wp\/v2\/product_cat?post=6049"},{"taxonomy":"product_tag","embeddable":true,"href":"https:\/\/petityu.com\/en\/wp-json\/wp\/v2\/product_tag?post=6049"}],"curies":[{"name":"wp","href":"https:\/\/api.w.org\/{rel}","templated":true}]}}