{"id":6051,"date":"2024-09-19T15:09:41","date_gmt":"2024-09-19T12:09:41","guid":{"rendered":"https:\/\/petityu.com\/gunes-korumali-yazlik-sapka-3-8-yas-mavi-turuncu-kopekbaligi-sapka\/"},"modified":"2026-03-06T15:48:29","modified_gmt":"2026-03-06T12:48:29","slug":"gunes-korumali-yazlik-sapka-3-8-yas-mavi-turuncu-kopekbaligi-sapka","status":"publish","type":"product","link":"https:\/\/petityu.com\/en\/gunes-korumali-yazlik-sapka-3-8-yas-mavi-turuncu-kopekbaligi-sapka\/","title":{"rendered":"Gunes Korumal\u0131 Yazlik \u015eapka \u20133-8 Ya\u015f Mavi Turuncu Kopekbaligi Sapka"},"content":{"rendered":"<p><p>G\u00fcne\u015fin zararl\u0131 UV \u0131\u015f\u0131nlar\u0131na kar\u015f\u0131 koruma sa\u011flamak i\u00e7in tasarlanm\u0131\u015f mavi turuncu renkli, \u00fc\u00e7 boyutlu kopekbal\u0131\u011f\u0131 desenli yazl\u0131k \u015fapka.; Bebeklerden \u00e7ocuklara kadar t\u00fcm ya\u015f gruplar\u0131na uygun olarak \u00fcretilmi\u015f olup, her mevsim rahatl\u0131kla kullan\u0131labilir.; Pratik kullan\u0131m i\u00e7in ayarlanabilir kay\u0131\u015flar\u0131 sayesinde \u00e7ocuklar\u0131n kafas\u0131na tam oturur ve rahatl\u0131k sa\u011flar.; Mavi ve turuncunun canl\u0131 tonlar\u0131 ile dikkat \u00e7eken tasar\u0131m\u0131, plajda veya parkta yaz g\u00fcnlerinin vazge\u00e7ilmezi olacak.; Dayan\u0131kl\u0131 malzemeden \u00fcretilmi\u015ftir, uzun s\u00fcreli kullan\u0131m i\u00e7in uygundur ve kolayca temizlenebilir.; Mavi turuncu renkleriyle dikkat \u00e7eken bu \u015fapka, \u00e7ocuklar\u0131n e\u011flenceli zaman ge\u00e7irmesi i\u00e7in harika bir aksesuard\u0131r.;<\/p><\/p>","protected":false},"excerpt":{"rendered":"<p>G\u00fcne\u015fin zararl\u0131 UV \u0131\u015f\u0131nlar\u0131na kar\u015f\u0131 koruma sa\u011flamak i\u00e7in tasarlanm\u0131\u015f mavi turuncu renkli, \u00fc\u00e7 boyutlu kopekbal\u0131\u011f\u0131 desenli yazl\u0131k \u015fapka.; Bebeklerden \u00e7ocuklara kadar t\u00fcm ya\u015f gruplar\u0131na uygun&hellip;<\/p>","protected":false},"featured_media":6050,"template":"","meta":[],"product_brand":[],"product_cat":[15,936,996],"product_tag":[],"class_list":{"0":"post-6051","1":"product","2":"type-product","3":"status-publish","4":"has-post-thumbnail","6":"product_cat-genel","7":"product_cat-erkekcocuk","8":"product_cat-sapka-erkekcocuk","10":"first","11":"outofstock","12":"taxable","13":"shipping-taxable","14":"purchasable","15":"product-type-simple"},"_links":{"self":[{"href":"https:\/\/petityu.com\/en\/wp-json\/wp\/v2\/product\/6051","targetHints":{"allow":["GET"]}}],"collection":[{"href":"https:\/\/petityu.com\/en\/wp-json\/wp\/v2\/product"}],"about":[{"href":"https:\/\/petityu.com\/en\/wp-json\/wp\/v2\/types\/product"}],"wp:featuredmedia":[{"embeddable":true,"href":"https:\/\/petityu.com\/en\/wp-json\/wp\/v2\/media\/6050"}],"wp:attachment":[{"href":"https:\/\/petityu.com\/en\/wp-json\/wp\/v2\/media?parent=6051"}],"wp:term":[{"taxonomy":"product_brand","embeddable":true,"href":"https:\/\/petityu.com\/en\/wp-json\/wp\/v2\/product_brand?post=6051"},{"taxonomy":"product_cat","embeddable":true,"href":"https:\/\/petityu.com\/en\/wp-json\/wp\/v2\/product_cat?post=6051"},{"taxonomy":"product_tag","embeddable":true,"href":"https:\/\/petityu.com\/en\/wp-json\/wp\/v2\/product_tag?post=6051"}],"curies":[{"name":"wp","href":"https:\/\/api.w.org\/{rel}","templated":true}]}}