{"id":6065,"date":"2024-09-19T15:11:09","date_gmt":"2024-09-19T12:11:09","guid":{"rendered":"https:\/\/petityu.com\/6-36-ay-polarize-cam-elastik-bebek-gunes-gozlugu-kirilmaz-beyaz\/"},"modified":"2026-05-13T20:28:00","modified_gmt":"2026-05-13T17:28:00","slug":"6-36-ay-polarize-cam-elastik-bebek-gunes-gozlugu-kirilmaz-beyaz","status":"publish","type":"product","link":"https:\/\/petityu.com\/en\/6-36-ay-polarize-cam-elastik-bebek-gunes-gozlugu-kirilmaz-beyaz\/","title":{"rendered":"6-36 Ay Polarize Cam Elastik Bebek G\u00fcne\u015f G\u00f6zl\u00fc\u011f\u00fc -K\u0131r\u0131lmaz Beyaz"},"content":{"rendered":"<p><p>6&#8217;dan 36 aya kadar olan bebeklere kategori 3,% 100 UV korumal\u0131, polarize lenslerimizle optimum koruma sunan y\u00fcksek kaliteli CE sertifikali Petityu Gunes gozlukleri UV400 %100 korumali Kategori 3 LENS CE sunglass cord &#8211; bebeklerin kullanimi icin gunes gozlugu lastik ipi hediyedir. Kutusu ve gunes gozlugu kilifi bulunmaktadir.<\/p><\/p>","protected":false},"excerpt":{"rendered":"<p>6&#8217;dan 36 aya kadar olan bebeklere kategori 3,% 100 UV korumal\u0131, polarize lenslerimizle optimum koruma sunan y\u00fcksek kaliteli CE sertifikali Petityu Gunes gozlukleri UV400 %100&hellip;<\/p>","protected":false},"featured_media":6058,"template":"","meta":[],"product_brand":[],"product_cat":[936,15,993,979,935],"product_tag":[],"class_list":{"0":"post-6065","1":"product","2":"type-product","3":"status-publish","4":"has-post-thumbnail","6":"product_cat-erkekcocuk","7":"product_cat-genel","8":"product_cat-gunes-gozlugu-erkekcocuk","9":"product_cat-gunes-gozlugu","10":"product_cat-kizcocuk","12":"first","13":"instock","14":"taxable","15":"shipping-taxable","16":"purchasable","17":"product-type-simple"},"_links":{"self":[{"href":"https:\/\/petityu.com\/en\/wp-json\/wp\/v2\/product\/6065","targetHints":{"allow":["GET"]}}],"collection":[{"href":"https:\/\/petityu.com\/en\/wp-json\/wp\/v2\/product"}],"about":[{"href":"https:\/\/petityu.com\/en\/wp-json\/wp\/v2\/types\/product"}],"wp:featuredmedia":[{"embeddable":true,"href":"https:\/\/petityu.com\/en\/wp-json\/wp\/v2\/media\/6058"}],"wp:attachment":[{"href":"https:\/\/petityu.com\/en\/wp-json\/wp\/v2\/media?parent=6065"}],"wp:term":[{"taxonomy":"product_brand","embeddable":true,"href":"https:\/\/petityu.com\/en\/wp-json\/wp\/v2\/product_brand?post=6065"},{"taxonomy":"product_cat","embeddable":true,"href":"https:\/\/petityu.com\/en\/wp-json\/wp\/v2\/product_cat?post=6065"},{"taxonomy":"product_tag","embeddable":true,"href":"https:\/\/petityu.com\/en\/wp-json\/wp\/v2\/product_tag?post=6065"}],"curies":[{"name":"wp","href":"https:\/\/api.w.org\/{rel}","templated":true}]}}