{"id":6079,"date":"2024-09-19T15:12:29","date_gmt":"2024-09-19T12:12:29","guid":{"rendered":"https:\/\/petityu.com\/pokemon-buyuk-boy-kilitlenebilir-kalem-kutusu\/"},"modified":"2026-04-06T11:38:32","modified_gmt":"2026-04-06T08:38:32","slug":"pokemon-buyuk-boy-kilitlenebilir-kalem-kutusu","status":"publish","type":"product","link":"https:\/\/petityu.com\/en\/pokemon-buyuk-boy-kilitlenebilir-kalem-kutusu\/","title":{"rendered":"Pokemon B\u00fcy\u00fck Boy Kilitlenebilir Kalem Kutusu"},"content":{"rendered":"<p><p>Pokemon b\u00fcy\u00fck boy kalem kutusu Kilitlenebilir<\/p><\/p>","protected":false},"excerpt":{"rendered":"<p>Pokemon b\u00fcy\u00fck boy kalem kutusu Kilitlenebilir<\/p>","protected":false},"featured_media":6078,"template":"","meta":[],"product_brand":[],"product_cat":[15,936,999],"product_tag":[],"class_list":{"0":"post-6079","1":"product","2":"type-product","3":"status-publish","4":"has-post-thumbnail","6":"product_cat-genel","7":"product_cat-erkekcocuk","8":"product_cat-kalem-kutusu-erkekcocuk","10":"first","11":"instock","12":"taxable","13":"shipping-taxable","14":"purchasable","15":"product-type-simple"},"_links":{"self":[{"href":"https:\/\/petityu.com\/en\/wp-json\/wp\/v2\/product\/6079","targetHints":{"allow":["GET"]}}],"collection":[{"href":"https:\/\/petityu.com\/en\/wp-json\/wp\/v2\/product"}],"about":[{"href":"https:\/\/petityu.com\/en\/wp-json\/wp\/v2\/types\/product"}],"wp:featuredmedia":[{"embeddable":true,"href":"https:\/\/petityu.com\/en\/wp-json\/wp\/v2\/media\/6078"}],"wp:attachment":[{"href":"https:\/\/petityu.com\/en\/wp-json\/wp\/v2\/media?parent=6079"}],"wp:term":[{"taxonomy":"product_brand","embeddable":true,"href":"https:\/\/petityu.com\/en\/wp-json\/wp\/v2\/product_brand?post=6079"},{"taxonomy":"product_cat","embeddable":true,"href":"https:\/\/petityu.com\/en\/wp-json\/wp\/v2\/product_cat?post=6079"},{"taxonomy":"product_tag","embeddable":true,"href":"https:\/\/petityu.com\/en\/wp-json\/wp\/v2\/product_tag?post=6079"}],"curies":[{"name":"wp","href":"https:\/\/api.w.org\/{rel}","templated":true}]}}