{"id":6081,"date":"2024-09-19T15:12:38","date_gmt":"2024-09-19T12:12:38","guid":{"rendered":"https:\/\/petityu.com\/pembe-kulakli-tasima-cantali-bunny-baskili-suluk-matara-500-ml\/"},"modified":"2025-08-29T13:05:43","modified_gmt":"2025-08-29T10:05:43","slug":"pembe-kulakli-tasima-cantali-bunny-baskili-suluk-matara-500-ml","status":"publish","type":"product","link":"https:\/\/petityu.com\/en\/pembe-kulakli-tasima-cantali-bunny-baskili-suluk-matara-500-ml\/","title":{"rendered":"Pembe Kulakl\u0131 Ta\u015f\u0131ma \u00c7antal\u0131 Bunny Bask\u0131l\u0131 Suluk Matara 500 ml"},"content":{"rendered":"<p>500 ML &Ccedil;ANTALI BPE FREE PLAST\u0130K<\/p>","protected":false},"excerpt":{"rendered":"<p>500 ML &Ccedil;ANTALI BPE FREE PLAST\u0130K<\/p>","protected":false},"featured_media":6080,"template":"","meta":[],"product_brand":[],"product_cat":[15,935,982],"product_tag":[],"class_list":{"0":"post-6081","1":"product","2":"type-product","3":"status-publish","4":"has-post-thumbnail","6":"product_cat-genel","7":"product_cat-kizcocuk","8":"product_cat-matara-termos-suluk","10":"first","11":"outofstock","12":"taxable","13":"shipping-taxable","14":"purchasable","15":"product-type-simple"},"_links":{"self":[{"href":"https:\/\/petityu.com\/en\/wp-json\/wp\/v2\/product\/6081","targetHints":{"allow":["GET"]}}],"collection":[{"href":"https:\/\/petityu.com\/en\/wp-json\/wp\/v2\/product"}],"about":[{"href":"https:\/\/petityu.com\/en\/wp-json\/wp\/v2\/types\/product"}],"wp:featuredmedia":[{"embeddable":true,"href":"https:\/\/petityu.com\/en\/wp-json\/wp\/v2\/media\/6080"}],"wp:attachment":[{"href":"https:\/\/petityu.com\/en\/wp-json\/wp\/v2\/media?parent=6081"}],"wp:term":[{"taxonomy":"product_brand","embeddable":true,"href":"https:\/\/petityu.com\/en\/wp-json\/wp\/v2\/product_brand?post=6081"},{"taxonomy":"product_cat","embeddable":true,"href":"https:\/\/petityu.com\/en\/wp-json\/wp\/v2\/product_cat?post=6081"},{"taxonomy":"product_tag","embeddable":true,"href":"https:\/\/petityu.com\/en\/wp-json\/wp\/v2\/product_tag?post=6081"}],"curies":[{"name":"wp","href":"https:\/\/api.w.org\/{rel}","templated":true}]}}