{"id":6083,"date":"2024-09-19T15:12:50","date_gmt":"2024-09-19T12:12:50","guid":{"rendered":"https:\/\/petityu.com\/spiderman-orumcek-adam-pipetli-suluk\/"},"modified":"2025-08-29T13:05:43","modified_gmt":"2025-08-29T10:05:43","slug":"spiderman-orumcek-adam-pipetli-suluk","status":"publish","type":"product","link":"https:\/\/petityu.com\/en\/spiderman-orumcek-adam-pipetli-suluk\/","title":{"rendered":"Spiderman \u00f6r\u00fcmcek adam pipetli suluk"},"content":{"rendered":"<p>560 ml BPA free su mataras\u0131<\/p>","protected":false},"excerpt":{"rendered":"<p>560 ml BPA free su mataras\u0131<\/p>","protected":false},"featured_media":6082,"template":"","meta":[],"product_brand":[],"product_cat":[15,936,937],"product_tag":[],"class_list":{"0":"post-6083","1":"product","2":"type-product","3":"status-publish","4":"has-post-thumbnail","6":"product_cat-genel","7":"product_cat-erkekcocuk","8":"product_cat-matara-suluk-termos","10":"first","11":"outofstock","12":"taxable","13":"shipping-taxable","14":"purchasable","15":"product-type-simple"},"_links":{"self":[{"href":"https:\/\/petityu.com\/en\/wp-json\/wp\/v2\/product\/6083","targetHints":{"allow":["GET"]}}],"collection":[{"href":"https:\/\/petityu.com\/en\/wp-json\/wp\/v2\/product"}],"about":[{"href":"https:\/\/petityu.com\/en\/wp-json\/wp\/v2\/types\/product"}],"wp:featuredmedia":[{"embeddable":true,"href":"https:\/\/petityu.com\/en\/wp-json\/wp\/v2\/media\/6082"}],"wp:attachment":[{"href":"https:\/\/petityu.com\/en\/wp-json\/wp\/v2\/media?parent=6083"}],"wp:term":[{"taxonomy":"product_brand","embeddable":true,"href":"https:\/\/petityu.com\/en\/wp-json\/wp\/v2\/product_brand?post=6083"},{"taxonomy":"product_cat","embeddable":true,"href":"https:\/\/petityu.com\/en\/wp-json\/wp\/v2\/product_cat?post=6083"},{"taxonomy":"product_tag","embeddable":true,"href":"https:\/\/petityu.com\/en\/wp-json\/wp\/v2\/product_tag?post=6083"}],"curies":[{"name":"wp","href":"https:\/\/api.w.org\/{rel}","templated":true}]}}