{"id":6085,"date":"2024-09-19T15:13:00","date_gmt":"2024-09-19T12:13:00","guid":{"rendered":"https:\/\/petityu.com\/tutu-parlak-beyaz-kiz-cocuk-sirin-kat-kat-yildizli-dogum-gunu-elbisesi-23lgtutubeyazelbise\/"},"modified":"2026-04-09T17:08:06","modified_gmt":"2026-04-09T14:08:06","slug":"tutu-parlak-beyaz-kiz-cocuk-sirin-kat-kat-yildizli-dogum-gunu-elbisesi-23lgtutubeyazelbise","status":"publish","type":"product","link":"https:\/\/petityu.com\/en\/tutu-parlak-beyaz-kiz-cocuk-sirin-kat-kat-yildizli-dogum-gunu-elbisesi-23lgtutubeyazelbise\/","title":{"rendered":"Tutu Parlak Beyaz K\u0131z \u00c7ocuk \u015eirin Kat Kat Yildizli Do\u011fum G\u00fcn\u00fc Elbisesi 7-9 Ya\u015f"},"content":{"rendered":"<p><p>Parlak beyaz renk se\u00e7ene\u011fiyle dikkat \u00e7eken bu elbise, k\u0131z \u00e7ocuklar\u0131n\u0131n do\u011fum g\u00fcn\u00fc partilerinde g\u00f6z al\u0131c\u0131 bir g\u00f6r\u00fcn\u00fcm kazand\u0131r\u0131r.; D\u00fcz deseni sayesinde sade ve \u015f\u0131k bir stil sunan elbise, \u00e7ocuklar\u0131n kendilerini rahat hissetmelerini sa\u011flar.; Dokuma kuma\u015f\u0131, hafifli\u011fi ve dayan\u0131kl\u0131l\u0131\u011f\u0131 ile \u00e7ocuklar\u0131n g\u00fcn boyu konforunu art\u0131r\u0131r.; Mini boy tasar\u0131m\u0131 ile hareket \u00f6zg\u00fcrl\u00fc\u011f\u00fcn\u00fc k\u0131s\u0131tlamazken, \u015f\u0131k g\u00f6r\u00fcn\u00fcm\u00fcnden \u00f6d\u00fcn vermez.; Regular kal\u0131p ile v\u00fccudu saran ancak s\u0131kmayan rahat bir oturu\u015fa sahiptir; bu sayede \u00e7ocuklar t\u00fcm g\u00fcn boyunca keyifle giyebilirler.; \u00c7ocuklar\u0131n ya\u015f grubuna \u00f6zel olarak tasarlanm\u0131\u015f olup, onlar\u0131n b\u00fcy\u00fcme d\u00f6nemlerine uygun olarak \u00fcretilmi\u015ftir.;<\/p><\/p>","protected":false},"excerpt":{"rendered":"<p>Parlak beyaz renk se\u00e7ene\u011fiyle dikkat \u00e7eken bu elbise, k\u0131z \u00e7ocuklar\u0131n\u0131n do\u011fum g\u00fcn\u00fc partilerinde g\u00f6z al\u0131c\u0131 bir g\u00f6r\u00fcn\u00fcm kazand\u0131r\u0131r.; D\u00fcz deseni sayesinde sade ve \u015f\u0131k bir&hellip;<\/p>","protected":false},"featured_media":6084,"template":"","meta":[],"product_brand":[],"product_cat":[15,972,935],"product_tag":[],"class_list":{"0":"post-6085","1":"product","2":"type-product","3":"status-publish","4":"has-post-thumbnail","6":"product_cat-genel","7":"product_cat-elbise","8":"product_cat-kizcocuk","10":"first","11":"instock","12":"taxable","13":"shipping-taxable","14":"purchasable","15":"product-type-simple"},"_links":{"self":[{"href":"https:\/\/petityu.com\/en\/wp-json\/wp\/v2\/product\/6085","targetHints":{"allow":["GET"]}}],"collection":[{"href":"https:\/\/petityu.com\/en\/wp-json\/wp\/v2\/product"}],"about":[{"href":"https:\/\/petityu.com\/en\/wp-json\/wp\/v2\/types\/product"}],"wp:featuredmedia":[{"embeddable":true,"href":"https:\/\/petityu.com\/en\/wp-json\/wp\/v2\/media\/6084"}],"wp:attachment":[{"href":"https:\/\/petityu.com\/en\/wp-json\/wp\/v2\/media?parent=6085"}],"wp:term":[{"taxonomy":"product_brand","embeddable":true,"href":"https:\/\/petityu.com\/en\/wp-json\/wp\/v2\/product_brand?post=6085"},{"taxonomy":"product_cat","embeddable":true,"href":"https:\/\/petityu.com\/en\/wp-json\/wp\/v2\/product_cat?post=6085"},{"taxonomy":"product_tag","embeddable":true,"href":"https:\/\/petityu.com\/en\/wp-json\/wp\/v2\/product_tag?post=6085"}],"curies":[{"name":"wp","href":"https:\/\/api.w.org\/{rel}","templated":true}]}}