{"id":6091,"date":"2024-09-19T15:13:36","date_gmt":"2024-09-19T12:13:36","guid":{"rendered":"https:\/\/petityu.com\/mor-smiggle-anaokulu-cantasi-unicorn-anaokul-canta-minik-kiz-cocuk-canta\/"},"modified":"2025-10-24T16:01:06","modified_gmt":"2025-10-24T13:01:06","slug":"mor-smiggle-anaokulu-cantasi-unicorn-anaokul-canta-minik-kiz-cocuk-canta","status":"publish","type":"product","link":"https:\/\/petityu.com\/en\/mor-smiggle-anaokulu-cantasi-unicorn-anaokul-canta-minik-kiz-cocuk-canta\/","title":{"rendered":"Mor Smiggle Anaokulu \u00c7antas\u0131 Unicorn Anaokul \u00c7anta"},"content":{"rendered":"<p><p>Mor Smiggle Anaokulu \u00c7antas\u0131, minik k\u0131z \u00e7ocuklar\u0131 i\u00e7in tasarlanm\u0131\u015f \u00f6zel bir okul \u00e7antas\u0131d\u0131r. Renkli unicorn desenleriyle s\u00fcslenmi\u015f bu \u00e7anta, hem e\u011flenceli hem de fonksiyonel bir aksesuard\u0131r. \u00c7ocuklar i\u00e7in ideal olan bu \u00e7anta, okula d\u00f6n\u00fc\u015f d\u00f6neminde k\u00fc\u00e7\u00fck ellerin kullan\u0131m\u0131na uygun boyutlarda \u00fcretilmi\u015ftir. Ayr\u0131ca, dayan\u0131kl\u0131 malzemelerden yap\u0131lm\u0131\u015f olup uzun s\u00fcreli kullan\u0131mlara uygundur. Smiggle markas\u0131n\u0131n kalitesiyle \u00f6ne \u00e7\u0131kan bu anaokulu \u00e7antas\u0131, minik \u00f6\u011frencilerin vazge\u00e7ilmezi olacak!<\/p><\/p>","protected":false},"excerpt":{"rendered":"<p>Mor Smiggle Anaokulu \u00c7antas\u0131, minik k\u0131z \u00e7ocuklar\u0131 i\u00e7in tasarlanm\u0131\u015f \u00f6zel bir okul \u00e7antas\u0131d\u0131r. Renkli unicorn desenleriyle s\u00fcslenmi\u015f bu \u00e7anta, hem e\u011flenceli hem de fonksiyonel bir&hellip;<\/p>","protected":false},"featured_media":6086,"template":"","meta":[],"product_brand":[],"product_cat":[909,15,935],"product_tag":[],"class_list":{"0":"post-6091","1":"product","2":"type-product","3":"status-publish","4":"has-post-thumbnail","6":"product_cat-cantaa","7":"product_cat-genel","8":"product_cat-kizcocuk","10":"first","11":"instock","12":"taxable","13":"shipping-taxable","14":"purchasable","15":"product-type-simple"},"_links":{"self":[{"href":"https:\/\/petityu.com\/en\/wp-json\/wp\/v2\/product\/6091","targetHints":{"allow":["GET"]}}],"collection":[{"href":"https:\/\/petityu.com\/en\/wp-json\/wp\/v2\/product"}],"about":[{"href":"https:\/\/petityu.com\/en\/wp-json\/wp\/v2\/types\/product"}],"wp:featuredmedia":[{"embeddable":true,"href":"https:\/\/petityu.com\/en\/wp-json\/wp\/v2\/media\/6086"}],"wp:attachment":[{"href":"https:\/\/petityu.com\/en\/wp-json\/wp\/v2\/media?parent=6091"}],"wp:term":[{"taxonomy":"product_brand","embeddable":true,"href":"https:\/\/petityu.com\/en\/wp-json\/wp\/v2\/product_brand?post=6091"},{"taxonomy":"product_cat","embeddable":true,"href":"https:\/\/petityu.com\/en\/wp-json\/wp\/v2\/product_cat?post=6091"},{"taxonomy":"product_tag","embeddable":true,"href":"https:\/\/petityu.com\/en\/wp-json\/wp\/v2\/product_tag?post=6091"}],"curies":[{"name":"wp","href":"https:\/\/api.w.org\/{rel}","templated":true}]}}