{"id":6093,"date":"2024-09-19T15:13:47","date_gmt":"2024-09-19T12:13:47","guid":{"rendered":"https:\/\/petityu.com\/sonic-buyuk-kalemkutusu-cift-fermuarli-sonic-kalem-kutusu\/"},"modified":"2026-04-06T12:52:22","modified_gmt":"2026-04-06T09:52:22","slug":"sonic-buyuk-kalemkutusu-cift-fermuarli-sonic-kalem-kutusu","status":"publish","type":"product","link":"https:\/\/petityu.com\/en\/sonic-buyuk-kalemkutusu-cift-fermuarli-sonic-kalem-kutusu\/","title":{"rendered":"Sonic B\u00fcy\u00fck Boy Kalem Kutusu \u00c7ift Fermuarl\u0131"},"content":{"rendered":"<p><p>\u0130lkokul- ortaokul kullan\u0131m\u0131na uygun 2 fermuarl\u0131 b\u00fcy\u00fck kalem kutu<\/p><\/p>","protected":false},"excerpt":{"rendered":"<p>\u0130lkokul- ortaokul kullan\u0131m\u0131na uygun 2 fermuarl\u0131 b\u00fcy\u00fck kalem kutu<\/p>","protected":false},"featured_media":6092,"template":"","meta":[],"product_brand":[],"product_cat":[15,936,999],"product_tag":[],"class_list":{"0":"post-6093","1":"product","2":"type-product","3":"status-publish","4":"has-post-thumbnail","6":"product_cat-genel","7":"product_cat-erkekcocuk","8":"product_cat-kalem-kutusu-erkekcocuk","10":"first","11":"instock","12":"taxable","13":"shipping-taxable","14":"purchasable","15":"product-type-simple"},"_links":{"self":[{"href":"https:\/\/petityu.com\/en\/wp-json\/wp\/v2\/product\/6093","targetHints":{"allow":["GET"]}}],"collection":[{"href":"https:\/\/petityu.com\/en\/wp-json\/wp\/v2\/product"}],"about":[{"href":"https:\/\/petityu.com\/en\/wp-json\/wp\/v2\/types\/product"}],"wp:featuredmedia":[{"embeddable":true,"href":"https:\/\/petityu.com\/en\/wp-json\/wp\/v2\/media\/6092"}],"wp:attachment":[{"href":"https:\/\/petityu.com\/en\/wp-json\/wp\/v2\/media?parent=6093"}],"wp:term":[{"taxonomy":"product_brand","embeddable":true,"href":"https:\/\/petityu.com\/en\/wp-json\/wp\/v2\/product_brand?post=6093"},{"taxonomy":"product_cat","embeddable":true,"href":"https:\/\/petityu.com\/en\/wp-json\/wp\/v2\/product_cat?post=6093"},{"taxonomy":"product_tag","embeddable":true,"href":"https:\/\/petityu.com\/en\/wp-json\/wp\/v2\/product_tag?post=6093"}],"curies":[{"name":"wp","href":"https:\/\/api.w.org\/{rel}","templated":true}]}}