{"id":6095,"date":"2024-09-19T15:13:58","date_gmt":"2024-09-19T12:13:58","guid":{"rendered":"https:\/\/petityu.com\/miles-morales-spiderman-cift-fermuarli-buyuk-kalem-kutusu\/"},"modified":"2026-01-20T09:29:35","modified_gmt":"2026-01-20T06:29:35","slug":"miles-morales-spiderman-cift-fermuarli-buyuk-kalem-kutusu","status":"publish","type":"product","link":"https:\/\/petityu.com\/en\/miles-morales-spiderman-cift-fermuarli-buyuk-kalem-kutusu\/","title":{"rendered":"Miles Morales Spiderman \u00c7ift Fermuarl\u0131 B\u00fcy\u00fck Boy Kalem Kutusu"},"content":{"rendered":"<p><p>\u00e7ift fermuarl\u0131 b\u00fcy\u00fck kalem kutusu<\/p><\/p>","protected":false},"excerpt":{"rendered":"<p>\u00e7ift fermuarl\u0131 b\u00fcy\u00fck kalem kutusu<\/p>","protected":false},"featured_media":6094,"template":"","meta":[],"product_brand":[],"product_cat":[936,15,999],"product_tag":[],"class_list":{"0":"post-6095","1":"product","2":"type-product","3":"status-publish","4":"has-post-thumbnail","6":"product_cat-erkekcocuk","7":"product_cat-genel","8":"product_cat-kalem-kutusu-erkekcocuk","10":"first","11":"instock","12":"taxable","13":"shipping-taxable","14":"purchasable","15":"product-type-simple"},"_links":{"self":[{"href":"https:\/\/petityu.com\/en\/wp-json\/wp\/v2\/product\/6095","targetHints":{"allow":["GET"]}}],"collection":[{"href":"https:\/\/petityu.com\/en\/wp-json\/wp\/v2\/product"}],"about":[{"href":"https:\/\/petityu.com\/en\/wp-json\/wp\/v2\/types\/product"}],"wp:featuredmedia":[{"embeddable":true,"href":"https:\/\/petityu.com\/en\/wp-json\/wp\/v2\/media\/6094"}],"wp:attachment":[{"href":"https:\/\/petityu.com\/en\/wp-json\/wp\/v2\/media?parent=6095"}],"wp:term":[{"taxonomy":"product_brand","embeddable":true,"href":"https:\/\/petityu.com\/en\/wp-json\/wp\/v2\/product_brand?post=6095"},{"taxonomy":"product_cat","embeddable":true,"href":"https:\/\/petityu.com\/en\/wp-json\/wp\/v2\/product_cat?post=6095"},{"taxonomy":"product_tag","embeddable":true,"href":"https:\/\/petityu.com\/en\/wp-json\/wp\/v2\/product_tag?post=6095"}],"curies":[{"name":"wp","href":"https:\/\/api.w.org\/{rel}","templated":true}]}}