{"id":6098,"date":"2024-09-19T15:14:16","date_gmt":"2024-09-19T12:14:16","guid":{"rendered":"https:\/\/petityu.com\/marvel-spiderman-anaokul-cantasi-okul-cantasi\/"},"modified":"2025-08-29T13:05:43","modified_gmt":"2025-08-29T10:05:43","slug":"marvel-spiderman-anaokul-cantasi-okul-cantasi","status":"publish","type":"product","link":"https:\/\/petityu.com\/en\/marvel-spiderman-anaokul-cantasi-okul-cantasi\/","title":{"rendered":"&#8211; Marvel Spiderman anaokul \u00e7antas\u0131 okul \u00e7antas\u0131"},"content":{"rendered":"<p>Minik boy anaokulu &ccedil;antas\u0131 Disney Marvel mini s\u0131rt &ccedil;antas\u0131 24*20*13cm &ouml;l&ccedil;&uuml;lerde<\/p>","protected":false},"excerpt":{"rendered":"<p>Minik boy anaokulu &ccedil;antas\u0131 Disney Marvel mini s\u0131rt &ccedil;antas\u0131 24*20*13cm &ouml;l&ccedil;&uuml;lerde<\/p>","protected":false},"featured_media":6096,"template":"","meta":[],"product_brand":[],"product_cat":[15,998,936],"product_tag":[],"class_list":{"0":"post-6098","1":"product","2":"type-product","3":"status-publish","4":"has-post-thumbnail","6":"product_cat-genel","7":"product_cat-canta","8":"product_cat-erkekcocuk","10":"first","11":"outofstock","12":"taxable","13":"shipping-taxable","14":"purchasable","15":"product-type-simple"},"_links":{"self":[{"href":"https:\/\/petityu.com\/en\/wp-json\/wp\/v2\/product\/6098","targetHints":{"allow":["GET"]}}],"collection":[{"href":"https:\/\/petityu.com\/en\/wp-json\/wp\/v2\/product"}],"about":[{"href":"https:\/\/petityu.com\/en\/wp-json\/wp\/v2\/types\/product"}],"wp:featuredmedia":[{"embeddable":true,"href":"https:\/\/petityu.com\/en\/wp-json\/wp\/v2\/media\/6096"}],"wp:attachment":[{"href":"https:\/\/petityu.com\/en\/wp-json\/wp\/v2\/media?parent=6098"}],"wp:term":[{"taxonomy":"product_brand","embeddable":true,"href":"https:\/\/petityu.com\/en\/wp-json\/wp\/v2\/product_brand?post=6098"},{"taxonomy":"product_cat","embeddable":true,"href":"https:\/\/petityu.com\/en\/wp-json\/wp\/v2\/product_cat?post=6098"},{"taxonomy":"product_tag","embeddable":true,"href":"https:\/\/petityu.com\/en\/wp-json\/wp\/v2\/product_tag?post=6098"}],"curies":[{"name":"wp","href":"https:\/\/api.w.org\/{rel}","templated":true}]}}