{"id":6101,"date":"2024-09-19T15:14:33","date_gmt":"2024-09-19T12:14:33","guid":{"rendered":"https:\/\/petityu.com\/su-gecirmez-ince-yagmurluk-unicornkiz-cocuk-6-8-yas\/"},"modified":"2026-03-13T14:11:28","modified_gmt":"2026-03-13T11:11:28","slug":"su-gecirmez-ince-yagmurluk-unicornkiz-cocuk-6-8-yas","status":"publish","type":"product","link":"https:\/\/petityu.com\/en\/su-gecirmez-ince-yagmurluk-unicornkiz-cocuk-6-8-yas\/","title":{"rendered":"Petityu Su Ge\u00e7irmez \u0130nce Ya\u011fmurluk Unicorn K\u0131z \u00c7ocuk 6-8 Ya\u015f"},"content":{"rendered":"<p><p>\u0130nce i\u00e7i pamuklu modal astarl\u0131 ya\u011fmurluk a\u015f\u0131r\u0131 \u015firin ici mint rengi astar su ge\u00e7irmez 140 cm boya kadar 120-140 cm aras\u0131 uygundur<\/p><\/p>","protected":false},"excerpt":{"rendered":"<p>\u0130nce i\u00e7i pamuklu modal astarl\u0131 ya\u011fmurluk a\u015f\u0131r\u0131 \u015firin ici mint rengi astar su ge\u00e7irmez 140 cm boya kadar 120-140 cm aras\u0131 uygundur<\/p>","protected":false},"featured_media":6099,"template":"","meta":[],"product_brand":[],"product_cat":[15,935,973],"product_tag":[],"class_list":{"0":"post-6101","1":"product","2":"type-product","3":"status-publish","4":"has-post-thumbnail","6":"product_cat-genel","7":"product_cat-kizcocuk","8":"product_cat-yagmurluk-tulum-yagmur-pantalonu","10":"first","11":"instock","12":"taxable","13":"shipping-taxable","14":"purchasable","15":"product-type-simple"},"_links":{"self":[{"href":"https:\/\/petityu.com\/en\/wp-json\/wp\/v2\/product\/6101","targetHints":{"allow":["GET"]}}],"collection":[{"href":"https:\/\/petityu.com\/en\/wp-json\/wp\/v2\/product"}],"about":[{"href":"https:\/\/petityu.com\/en\/wp-json\/wp\/v2\/types\/product"}],"wp:featuredmedia":[{"embeddable":true,"href":"https:\/\/petityu.com\/en\/wp-json\/wp\/v2\/media\/6099"}],"wp:attachment":[{"href":"https:\/\/petityu.com\/en\/wp-json\/wp\/v2\/media?parent=6101"}],"wp:term":[{"taxonomy":"product_brand","embeddable":true,"href":"https:\/\/petityu.com\/en\/wp-json\/wp\/v2\/product_brand?post=6101"},{"taxonomy":"product_cat","embeddable":true,"href":"https:\/\/petityu.com\/en\/wp-json\/wp\/v2\/product_cat?post=6101"},{"taxonomy":"product_tag","embeddable":true,"href":"https:\/\/petityu.com\/en\/wp-json\/wp\/v2\/product_tag?post=6101"}],"curies":[{"name":"wp","href":"https:\/\/api.w.org\/{rel}","templated":true}]}}