{"id":6103,"date":"2024-09-19T15:14:43","date_gmt":"2024-09-19T12:14:43","guid":{"rendered":"https:\/\/petityu.com\/teddy-kalin-pembe-esofman-ustu-kapsonlu-sweatshirt-2-5-4-yas\/"},"modified":"2025-10-24T15:07:22","modified_gmt":"2025-10-24T12:07:22","slug":"teddy-kalin-pembe-esofman-ustu-kapsonlu-sweatshirt-2-5-4-yas","status":"publish","type":"product","link":"https:\/\/petityu.com\/en\/teddy-kalin-pembe-esofman-ustu-kapsonlu-sweatshirt-2-5-4-yas\/","title":{"rendered":"Petityu Teddy Kal\u0131n Ye\u015fil E\u015fofman \u00dcst\u00fc &#8211; Kap\u00fc\u015fonlu Sweatshirt 3-4 Ya\u015f"},"content":{"rendered":"<p><p>\u00c7ocuklar i\u00e7in ideal, kal\u0131n ye\u015fil renkli e\u015fofman \u00fcst\u00fc.; Kap\u00fc\u015fonlu tasar\u0131m\u0131 ile \u00e7ocu\u011funuzun ba\u015f\u0131n\u0131 so\u011fuktan korurken \u015f\u0131k bir g\u00f6r\u00fcn\u00fcm sa\u011flar.; Standart boy kesimi, k\u00fc\u00e7\u00fck bedenlerde rahat hareket etmelerini sa\u011flar. 3 ila 4 ya\u015f aras\u0131 \u00e7ocuklar i\u00e7in uygundur, b\u00fcy\u00fcme d\u00f6nemlerinde de kullan\u0131\u015fl\u0131d\u0131r.<\/p><\/p>","protected":false},"excerpt":{"rendered":"<p>\u00c7ocuklar i\u00e7in ideal, kal\u0131n ye\u015fil renkli e\u015fofman \u00fcst\u00fc.; Kap\u00fc\u015fonlu tasar\u0131m\u0131 ile \u00e7ocu\u011funuzun ba\u015f\u0131n\u0131 so\u011fuktan korurken \u015f\u0131k bir g\u00f6r\u00fcn\u00fcm sa\u011flar.; Standart boy kesimi, k\u00fc\u00e7\u00fck bedenlerde rahat&hellip;<\/p>","protected":false},"featured_media":6102,"template":"","meta":[],"product_brand":[],"product_cat":[15,935,976],"product_tag":[],"class_list":{"0":"post-6103","1":"product","2":"type-product","3":"status-publish","4":"has-post-thumbnail","6":"product_cat-genel","7":"product_cat-kizcocuk","8":"product_cat-sweatshirt","10":"first","11":"instock","12":"taxable","13":"shipping-taxable","14":"purchasable","15":"product-type-simple"},"_links":{"self":[{"href":"https:\/\/petityu.com\/en\/wp-json\/wp\/v2\/product\/6103","targetHints":{"allow":["GET"]}}],"collection":[{"href":"https:\/\/petityu.com\/en\/wp-json\/wp\/v2\/product"}],"about":[{"href":"https:\/\/petityu.com\/en\/wp-json\/wp\/v2\/types\/product"}],"wp:featuredmedia":[{"embeddable":true,"href":"https:\/\/petityu.com\/en\/wp-json\/wp\/v2\/media\/6102"}],"wp:attachment":[{"href":"https:\/\/petityu.com\/en\/wp-json\/wp\/v2\/media?parent=6103"}],"wp:term":[{"taxonomy":"product_brand","embeddable":true,"href":"https:\/\/petityu.com\/en\/wp-json\/wp\/v2\/product_brand?post=6103"},{"taxonomy":"product_cat","embeddable":true,"href":"https:\/\/petityu.com\/en\/wp-json\/wp\/v2\/product_cat?post=6103"},{"taxonomy":"product_tag","embeddable":true,"href":"https:\/\/petityu.com\/en\/wp-json\/wp\/v2\/product_tag?post=6103"}],"curies":[{"name":"wp","href":"https:\/\/api.w.org\/{rel}","templated":true}]}}