{"id":6105,"date":"2024-09-19T15:14:55","date_gmt":"2024-09-19T12:14:55","guid":{"rendered":"https:\/\/petityu.com\/pembe-canta-sekilli-sirin-kalem-kutu\/"},"modified":"2026-02-27T16:18:49","modified_gmt":"2026-02-27T13:18:49","slug":"pembe-canta-sekilli-sirin-kalem-kutu","status":"publish","type":"product","link":"https:\/\/petityu.com\/en\/pembe-canta-sekilli-sirin-kalem-kutu\/","title":{"rendered":"Pembe \u00c7anta \u015eeklinde \u015eirin Kalem Kutu"},"content":{"rendered":"<p><p>yumu\u015fak kalem kutusu pembe \u00f6n\u00fc cep detayl\u0131 \u015firin kalem kutu canta sekilli kalem kutu<\/p><\/p>","protected":false},"excerpt":{"rendered":"<p>yumu\u015fak kalem kutusu pembe \u00f6n\u00fc cep detayl\u0131 \u015firin kalem kutu canta sekilli kalem kutu<\/p>","protected":false},"featured_media":6104,"template":"","meta":[],"product_brand":[],"product_cat":[15,980,935],"product_tag":[],"class_list":{"0":"post-6105","1":"product","2":"type-product","3":"status-publish","4":"has-post-thumbnail","6":"product_cat-genel","7":"product_cat-kalem-kutusu-kizcocuk","8":"product_cat-kizcocuk","10":"first","11":"instock","12":"taxable","13":"shipping-taxable","14":"purchasable","15":"product-type-simple"},"_links":{"self":[{"href":"https:\/\/petityu.com\/en\/wp-json\/wp\/v2\/product\/6105","targetHints":{"allow":["GET"]}}],"collection":[{"href":"https:\/\/petityu.com\/en\/wp-json\/wp\/v2\/product"}],"about":[{"href":"https:\/\/petityu.com\/en\/wp-json\/wp\/v2\/types\/product"}],"wp:featuredmedia":[{"embeddable":true,"href":"https:\/\/petityu.com\/en\/wp-json\/wp\/v2\/media\/6104"}],"wp:attachment":[{"href":"https:\/\/petityu.com\/en\/wp-json\/wp\/v2\/media?parent=6105"}],"wp:term":[{"taxonomy":"product_brand","embeddable":true,"href":"https:\/\/petityu.com\/en\/wp-json\/wp\/v2\/product_brand?post=6105"},{"taxonomy":"product_cat","embeddable":true,"href":"https:\/\/petityu.com\/en\/wp-json\/wp\/v2\/product_cat?post=6105"},{"taxonomy":"product_tag","embeddable":true,"href":"https:\/\/petityu.com\/en\/wp-json\/wp\/v2\/product_tag?post=6105"}],"curies":[{"name":"wp","href":"https:\/\/api.w.org\/{rel}","templated":true}]}}