{"id":6107,"date":"2024-09-19T15:15:08","date_gmt":"2024-09-19T12:15:08","guid":{"rendered":"https:\/\/petityu.com\/cadilar-bayrami-miles-morales-kostum-erkek-cocuk-kostum\/"},"modified":"2026-04-09T16:50:42","modified_gmt":"2026-04-09T13:50:42","slug":"cadilar-bayrami-miles-morales-kostum-erkek-cocuk-kostum","status":"publish","type":"product","link":"https:\/\/petityu.com\/en\/cadilar-bayrami-miles-morales-kostum-erkek-cocuk-kostum\/","title":{"rendered":"Cad\u0131lar Bayram\u0131 Miles Morales Kost\u00fcm Erkek \u00c7ocuk Kost\u00fcm"},"content":{"rendered":"<p><p>Miles Morales Erkek \u00c7ocuk Kost\u00fcm<\/p><\/p>","protected":false},"excerpt":{"rendered":"<p>Miles Morales Erkek \u00c7ocuk Kost\u00fcm<\/p>","protected":false},"featured_media":6106,"template":"","meta":[],"product_brand":[],"product_cat":[15,936,1004],"product_tag":[],"class_list":{"0":"post-6107","1":"product","2":"type-product","3":"status-publish","4":"has-post-thumbnail","6":"product_cat-genel","7":"product_cat-erkekcocuk","8":"product_cat-parti-balon-kostum","10":"first","11":"outofstock","12":"taxable","13":"shipping-taxable","14":"purchasable","15":"product-type-variable"},"_links":{"self":[{"href":"https:\/\/petityu.com\/en\/wp-json\/wp\/v2\/product\/6107","targetHints":{"allow":["GET"]}}],"collection":[{"href":"https:\/\/petityu.com\/en\/wp-json\/wp\/v2\/product"}],"about":[{"href":"https:\/\/petityu.com\/en\/wp-json\/wp\/v2\/types\/product"}],"wp:featuredmedia":[{"embeddable":true,"href":"https:\/\/petityu.com\/en\/wp-json\/wp\/v2\/media\/6106"}],"wp:attachment":[{"href":"https:\/\/petityu.com\/en\/wp-json\/wp\/v2\/media?parent=6107"}],"wp:term":[{"taxonomy":"product_brand","embeddable":true,"href":"https:\/\/petityu.com\/en\/wp-json\/wp\/v2\/product_brand?post=6107"},{"taxonomy":"product_cat","embeddable":true,"href":"https:\/\/petityu.com\/en\/wp-json\/wp\/v2\/product_cat?post=6107"},{"taxonomy":"product_tag","embeddable":true,"href":"https:\/\/petityu.com\/en\/wp-json\/wp\/v2\/product_tag?post=6107"}],"curies":[{"name":"wp","href":"https:\/\/api.w.org\/{rel}","templated":true}]}}