{"id":6110,"date":"2024-09-19T15:15:24","date_gmt":"2024-09-19T12:15:24","guid":{"rendered":"https:\/\/petityu.com\/marvel-smiggle-3d-spiderman-kalem-kutu-buyuk-boy-dikdortgen\/"},"modified":"2026-03-29T11:40:21","modified_gmt":"2026-03-29T08:40:21","slug":"marvel-smiggle-3d-spiderman-kalem-kutu-buyuk-boy-dikdortgen","status":"publish","type":"product","link":"https:\/\/petityu.com\/en\/marvel-smiggle-3d-spiderman-kalem-kutu-buyuk-boy-dikdortgen\/","title":{"rendered":"Marvel Smiggle 3D Spiderman kalem kutu Buyuk boy dikd\u00f6rtgen"},"content":{"rendered":"<p><p>Smiggle Marvel Spiderman kalem kutusu 3D Spiderman kalem kutusu hard case Buyuk dikd\u00f6rtgen kalem kutusu \u00f6n arka 3D bask\u0131l\u0131<\/p><\/p>","protected":false},"excerpt":{"rendered":"<p>Smiggle Marvel Spiderman kalem kutusu 3D Spiderman kalem kutusu hard case Buyuk dikd\u00f6rtgen kalem kutusu \u00f6n arka 3D bask\u0131l\u0131<\/p>","protected":false},"featured_media":6108,"template":"","meta":[],"product_brand":[],"product_cat":[15,936,999],"product_tag":[],"class_list":{"0":"post-6110","1":"product","2":"type-product","3":"status-publish","4":"has-post-thumbnail","6":"product_cat-genel","7":"product_cat-erkekcocuk","8":"product_cat-kalem-kutusu-erkekcocuk","10":"first","11":"outofstock","12":"taxable","13":"shipping-taxable","14":"purchasable","15":"product-type-simple"},"_links":{"self":[{"href":"https:\/\/petityu.com\/en\/wp-json\/wp\/v2\/product\/6110","targetHints":{"allow":["GET"]}}],"collection":[{"href":"https:\/\/petityu.com\/en\/wp-json\/wp\/v2\/product"}],"about":[{"href":"https:\/\/petityu.com\/en\/wp-json\/wp\/v2\/types\/product"}],"wp:featuredmedia":[{"embeddable":true,"href":"https:\/\/petityu.com\/en\/wp-json\/wp\/v2\/media\/6108"}],"wp:attachment":[{"href":"https:\/\/petityu.com\/en\/wp-json\/wp\/v2\/media?parent=6110"}],"wp:term":[{"taxonomy":"product_brand","embeddable":true,"href":"https:\/\/petityu.com\/en\/wp-json\/wp\/v2\/product_brand?post=6110"},{"taxonomy":"product_cat","embeddable":true,"href":"https:\/\/petityu.com\/en\/wp-json\/wp\/v2\/product_cat?post=6110"},{"taxonomy":"product_tag","embeddable":true,"href":"https:\/\/petityu.com\/en\/wp-json\/wp\/v2\/product_tag?post=6110"}],"curies":[{"name":"wp","href":"https:\/\/api.w.org\/{rel}","templated":true}]}}