{"id":6119,"date":"2024-09-19T15:16:18","date_gmt":"2024-09-19T12:16:18","guid":{"rendered":"https:\/\/petityu.com\/yumusacik-cocuk-sirin-ayicik-atki-koyu-bej-kahvemsi\/"},"modified":"2025-10-21T16:11:48","modified_gmt":"2025-10-21T13:11:48","slug":"yumusacik-cocuk-sirin-ayicik-atki-koyu-bej-kahvemsi","status":"publish","type":"product","link":"https:\/\/petityu.com\/en\/yumusacik-cocuk-sirin-ayicik-atki-koyu-bej-kahvemsi\/","title":{"rendered":"Petityu Yumu\u015fac\u0131k \u00c7ocuk \u015eirin Ay\u0131c\u0131k Atk\u0131 Koyu Bej Kahvemsi"},"content":{"rendered":"<p><p>Yumusacik sicacik atki \ud83d\ude09<\/p><\/p>","protected":false},"excerpt":{"rendered":"<p>Yumusacik sicacik atki \ud83d\ude09<\/p>","protected":false},"featured_media":6117,"template":"","meta":[],"product_brand":[],"product_cat":[997,981,936,15,935],"product_tag":[],"class_list":{"0":"post-6119","1":"product","2":"type-product","3":"status-publish","4":"has-post-thumbnail","6":"product_cat-atki-bere-eldiven","7":"product_cat-bere-atki-eldiven","8":"product_cat-erkekcocuk","9":"product_cat-genel","10":"product_cat-kizcocuk","12":"first","13":"instock","14":"taxable","15":"shipping-taxable","16":"purchasable","17":"product-type-simple"},"_links":{"self":[{"href":"https:\/\/petityu.com\/en\/wp-json\/wp\/v2\/product\/6119","targetHints":{"allow":["GET"]}}],"collection":[{"href":"https:\/\/petityu.com\/en\/wp-json\/wp\/v2\/product"}],"about":[{"href":"https:\/\/petityu.com\/en\/wp-json\/wp\/v2\/types\/product"}],"wp:featuredmedia":[{"embeddable":true,"href":"https:\/\/petityu.com\/en\/wp-json\/wp\/v2\/media\/6117"}],"wp:attachment":[{"href":"https:\/\/petityu.com\/en\/wp-json\/wp\/v2\/media?parent=6119"}],"wp:term":[{"taxonomy":"product_brand","embeddable":true,"href":"https:\/\/petityu.com\/en\/wp-json\/wp\/v2\/product_brand?post=6119"},{"taxonomy":"product_cat","embeddable":true,"href":"https:\/\/petityu.com\/en\/wp-json\/wp\/v2\/product_cat?post=6119"},{"taxonomy":"product_tag","embeddable":true,"href":"https:\/\/petityu.com\/en\/wp-json\/wp\/v2\/product_tag?post=6119"}],"curies":[{"name":"wp","href":"https:\/\/api.w.org\/{rel}","templated":true}]}}