{"id":6121,"date":"2024-09-19T15:16:28","date_gmt":"2024-09-19T12:16:28","guid":{"rendered":"https:\/\/petityu.com\/knittedbygranma-el-orgusu-puffy-pembe-atki-bere-set-yumusacik-sicak-tutar\/"},"modified":"2026-04-09T16:31:35","modified_gmt":"2026-04-09T13:31:35","slug":"knittedbygranma-el-orgusu-puffy-pembe-atki-bere-set-yumusacik-sicak-tutar","status":"publish","type":"product","link":"https:\/\/petityu.com\/en\/knittedbygranma-el-orgusu-puffy-pembe-atki-bere-set-yumusacik-sicak-tutar\/","title":{"rendered":"Petityu El \u00d6rg\u00fcs\u00fc Puffy Pembe Atk\u0131 Bere Set Yumu\u015fac\u0131k S\u0131cak Tutar 3-7 Ya\u015f"},"content":{"rendered":"<p><p>Bebekler ve \u00e7ocuklar i\u00e7in \u00f6zel olarak tasarlanm\u0131\u015f, yumu\u015fac\u0131k pamuklu materyalden \u00fcretilmi\u015f, s\u0131cak tutan puffy pembe atk\u0131 bere seti.; S\u0131cakl\u0131k ve konforu bir arada sunan bu set, k\u0131\u015f aylar\u0131nda miniklerin y\u00fcz\u00fcn\u00fc g\u00fcld\u00fcr\u00fcr.; D\u00fcz deseniyle sade ve \u015f\u0131k bir g\u00f6r\u00fcn\u00fcm sergileyen bu atk\u0131 bere seti, g\u00fcnl\u00fck kullan\u0131mda rahatl\u0131kla tercih edilebilir.; Knittedbygranma imzas\u0131n\u0131 ta\u015f\u0131yan bu \u00fcr\u00fcn, el \u00f6rg\u00fcs\u00fc detaylar\u0131yla her zaman \u00f6zel hissetmenizi sa\u011flar.;<\/p><\/p>","protected":false},"excerpt":{"rendered":"<p>Bebekler ve \u00e7ocuklar i\u00e7in \u00f6zel olarak tasarlanm\u0131\u015f, yumu\u015fac\u0131k pamuklu materyalden \u00fcretilmi\u015f, s\u0131cak tutan puffy pembe atk\u0131 bere seti.; S\u0131cakl\u0131k ve konforu bir arada sunan bu&hellip;<\/p>","protected":false},"featured_media":6120,"template":"","meta":[],"product_brand":[],"product_cat":[15,981,935],"product_tag":[],"class_list":{"0":"post-6121","1":"product","2":"type-product","3":"status-publish","4":"has-post-thumbnail","6":"product_cat-genel","7":"product_cat-bere-atki-eldiven","8":"product_cat-kizcocuk","10":"first","11":"instock","12":"taxable","13":"shipping-taxable","14":"purchasable","15":"product-type-simple"},"_links":{"self":[{"href":"https:\/\/petityu.com\/en\/wp-json\/wp\/v2\/product\/6121","targetHints":{"allow":["GET"]}}],"collection":[{"href":"https:\/\/petityu.com\/en\/wp-json\/wp\/v2\/product"}],"about":[{"href":"https:\/\/petityu.com\/en\/wp-json\/wp\/v2\/types\/product"}],"wp:featuredmedia":[{"embeddable":true,"href":"https:\/\/petityu.com\/en\/wp-json\/wp\/v2\/media\/6120"}],"wp:attachment":[{"href":"https:\/\/petityu.com\/en\/wp-json\/wp\/v2\/media?parent=6121"}],"wp:term":[{"taxonomy":"product_brand","embeddable":true,"href":"https:\/\/petityu.com\/en\/wp-json\/wp\/v2\/product_brand?post=6121"},{"taxonomy":"product_cat","embeddable":true,"href":"https:\/\/petityu.com\/en\/wp-json\/wp\/v2\/product_cat?post=6121"},{"taxonomy":"product_tag","embeddable":true,"href":"https:\/\/petityu.com\/en\/wp-json\/wp\/v2\/product_tag?post=6121"}],"curies":[{"name":"wp","href":"https:\/\/api.w.org\/{rel}","templated":true}]}}