{"id":6123,"date":"2024-09-19T15:16:37","date_gmt":"2024-09-19T12:16:37","guid":{"rendered":"https:\/\/petityu.com\/knittedbygranma-el-orgusu-puffy-mavi-atki-bere-set-yumusacik-sicak-tutar-3-7-yas\/"},"modified":"2025-10-21T15:47:49","modified_gmt":"2025-10-21T12:47:49","slug":"knittedbygranma-el-orgusu-puffy-mavi-atki-bere-set-yumusacik-sicak-tutar-3-7-yas","status":"publish","type":"product","link":"https:\/\/petityu.com\/en\/knittedbygranma-el-orgusu-puffy-mavi-atki-bere-set-yumusacik-sicak-tutar-3-7-yas\/","title":{"rendered":"Petityu El \u00d6rg\u00fcs\u00fc Puffy Mavi Atk\u0131 Bere Set Yumu\u015fac\u0131k S\u0131cak Tutar 3-7 Ya\u015f"},"content":{"rendered":"<p><p>Knittedbygranma el \u00f6rg\u00fcs\u00fc puffy mavi atk\u0131 bere seti, bebekler ve \u00e7ocuklar i\u00e7in \u00f6zel olarak tasarlanm\u0131\u015f olup, yumu\u015fac\u0131k dokusuyla s\u0131cak tutmay\u0131 vaat eder. \u00dc\u00e7 ila yedi ya\u015f aras\u0131 \u00e7ocuklar\u0131n kullan\u0131m\u0131 i\u00e7in uygundur ve mavi renk se\u00e7ene\u011fiyle \u015f\u0131k bir g\u00f6r\u00fcn\u00fcm sunar. Bu set, hem atk\u0131 hem de bere i\u00e7erir ve bebe\u011finizin veya \u00e7ocu\u011funuzun k\u0131\u015f aylar\u0131nda s\u0131cak kalmas\u0131n\u0131 sa\u011flar. El eme\u011fi ile \u00f6zenle haz\u0131rlanan bu \u00fcr\u00fcn, sevdiklerinize de\u011fer verdi\u011finizi g\u00f6sterirken ayn\u0131 zamanda onlara konforlu bir kullan\u0131m sunar.;<\/p><\/p>","protected":false},"excerpt":{"rendered":"<p>Knittedbygranma el \u00f6rg\u00fcs\u00fc puffy mavi atk\u0131 bere seti, bebekler ve \u00e7ocuklar i\u00e7in \u00f6zel olarak tasarlanm\u0131\u015f olup, yumu\u015fac\u0131k dokusuyla s\u0131cak tutmay\u0131 vaat eder. \u00dc\u00e7 ila yedi&hellip;<\/p>","protected":false},"featured_media":6122,"template":"","meta":[],"product_brand":[],"product_cat":[15,997,936],"product_tag":[],"class_list":{"0":"post-6123","1":"product","2":"type-product","3":"status-publish","4":"has-post-thumbnail","6":"product_cat-genel","7":"product_cat-atki-bere-eldiven","8":"product_cat-erkekcocuk","10":"first","11":"instock","12":"taxable","13":"shipping-taxable","14":"purchasable","15":"product-type-simple"},"_links":{"self":[{"href":"https:\/\/petityu.com\/en\/wp-json\/wp\/v2\/product\/6123","targetHints":{"allow":["GET"]}}],"collection":[{"href":"https:\/\/petityu.com\/en\/wp-json\/wp\/v2\/product"}],"about":[{"href":"https:\/\/petityu.com\/en\/wp-json\/wp\/v2\/types\/product"}],"wp:featuredmedia":[{"embeddable":true,"href":"https:\/\/petityu.com\/en\/wp-json\/wp\/v2\/media\/6122"}],"wp:attachment":[{"href":"https:\/\/petityu.com\/en\/wp-json\/wp\/v2\/media?parent=6123"}],"wp:term":[{"taxonomy":"product_brand","embeddable":true,"href":"https:\/\/petityu.com\/en\/wp-json\/wp\/v2\/product_brand?post=6123"},{"taxonomy":"product_cat","embeddable":true,"href":"https:\/\/petityu.com\/en\/wp-json\/wp\/v2\/product_cat?post=6123"},{"taxonomy":"product_tag","embeddable":true,"href":"https:\/\/petityu.com\/en\/wp-json\/wp\/v2\/product_tag?post=6123"}],"curies":[{"name":"wp","href":"https:\/\/api.w.org\/{rel}","templated":true}]}}