{"id":6125,"date":"2024-09-19T15:16:48","date_gmt":"2024-09-19T12:16:48","guid":{"rendered":"https:\/\/petityu.com\/organik-koton-lacivert-atki-bere-el-orgusu-set-knittedbygrandma-collection-3-7-yas\/"},"modified":"2026-04-09T16:26:42","modified_gmt":"2026-04-09T13:26:42","slug":"organik-koton-lacivert-atki-bere-el-orgusu-set-knittedbygrandma-collection-3-7-yas","status":"publish","type":"product","link":"https:\/\/petityu.com\/en\/organik-koton-lacivert-atki-bere-el-orgusu-set-knittedbygrandma-collection-3-7-yas\/","title":{"rendered":"Petityu Organik Koton Mavi Atk\u0131 Bere El \u00d6rg\u00fcs\u00fc Set 3-7 Ya\u015f"},"content":{"rendered":"<p><p>\u0130ND\u0130GO MAV\u0130 EL \u00d6RG\u00dcS\u00dc ATKI BERE ORGAN\u0130K KOTON YUMUSAK ATKI BERE SET<\/p><\/p>","protected":false},"excerpt":{"rendered":"<p>\u0130ND\u0130GO MAV\u0130 EL \u00d6RG\u00dcS\u00dc ATKI BERE ORGAN\u0130K KOTON YUMUSAK ATKI BERE SET<\/p>","protected":false},"featured_media":6124,"template":"","meta":[],"product_brand":[],"product_cat":[997,936,15],"product_tag":[],"class_list":{"0":"post-6125","1":"product","2":"type-product","3":"status-publish","4":"has-post-thumbnail","6":"product_cat-atki-bere-eldiven","7":"product_cat-erkekcocuk","8":"product_cat-genel","10":"first","11":"instock","12":"taxable","13":"shipping-taxable","14":"purchasable","15":"product-type-simple"},"_links":{"self":[{"href":"https:\/\/petityu.com\/en\/wp-json\/wp\/v2\/product\/6125","targetHints":{"allow":["GET"]}}],"collection":[{"href":"https:\/\/petityu.com\/en\/wp-json\/wp\/v2\/product"}],"about":[{"href":"https:\/\/petityu.com\/en\/wp-json\/wp\/v2\/types\/product"}],"wp:featuredmedia":[{"embeddable":true,"href":"https:\/\/petityu.com\/en\/wp-json\/wp\/v2\/media\/6124"}],"wp:attachment":[{"href":"https:\/\/petityu.com\/en\/wp-json\/wp\/v2\/media?parent=6125"}],"wp:term":[{"taxonomy":"product_brand","embeddable":true,"href":"https:\/\/petityu.com\/en\/wp-json\/wp\/v2\/product_brand?post=6125"},{"taxonomy":"product_cat","embeddable":true,"href":"https:\/\/petityu.com\/en\/wp-json\/wp\/v2\/product_cat?post=6125"},{"taxonomy":"product_tag","embeddable":true,"href":"https:\/\/petityu.com\/en\/wp-json\/wp\/v2\/product_tag?post=6125"}],"curies":[{"name":"wp","href":"https:\/\/api.w.org\/{rel}","templated":true}]}}