{"id":6127,"date":"2024-09-19T15:16:57","date_gmt":"2024-09-19T12:16:57","guid":{"rendered":"https:\/\/petityu.com\/teddy-sirin-parlak-sisme-mont-barbie-pembesi-seker-pembe-barbie-pembesi-1-yas\/"},"modified":"2025-11-07T06:56:54","modified_gmt":"2025-11-07T03:56:54","slug":"teddy-sirin-parlak-sisme-mont-barbie-pembesi-seker-pembe-barbie-pembesi-1-yas","status":"publish","type":"product","link":"https:\/\/petityu.com\/en\/teddy-sirin-parlak-sisme-mont-barbie-pembesi-seker-pembe-barbie-pembesi-1-yas\/","title":{"rendered":"Petityu Teddy \u015eirin Parlak \u015ei\u015fme Mont -Barbie Pembesi \u015eeker Pembe 1 Ya\u015f"},"content":{"rendered":"<p><p>Bebeklerinizi s\u0131cak tutacak kal\u0131n yap\u0131s\u0131yla tasarlanm\u0131\u015f, k\u0131\u015f aylar\u0131nda ideal bir koruma sunan Teddy \u015eirin Parlak \u015ei\u015fme Mont.; Barbie pembesi seker pembe rengiyle dikkat \u00e7eken bu mont, bebeklerinize ne\u015feli ve \u015f\u0131k bir g\u00f6r\u00fcn\u00fcm kazand\u0131r\u0131r.; Regular kal\u0131p sayesinde rahat hareket edebilme imkan\u0131 sa\u011flar; uzun kollu tasar\u0131m\u0131yla so\u011fuk havalarda bile bebe\u011finizin kollar\u0131n\u0131 s\u0131cak tutar.; Kap\u00fc\u015fonlu yaka tipiyle ba\u015f ve kulaklar\u0131 so\u011fuktan koruyarak tam koruma sunar.; T\u00fcm ya\u015f gruplar\u0131na uygun olarak tasarlanm\u0131\u015ft\u0131r; b\u00f6ylece her bebek i\u00e7in ideal bir se\u00e7imdir.; D\u00fcz \u00fcr\u00fcn tipiyle sadelikten yana olan ebeveynler i\u00e7in m\u00fckemmel bir tercihtir; uzun kollu yap\u0131s\u0131yla bebe\u011finizin k\u0131\u015f aylar\u0131ndaki vazge\u00e7ilmezi olacak.;<\/p><\/p>","protected":false},"excerpt":{"rendered":"<p>Bebeklerinizi s\u0131cak tutacak kal\u0131n yap\u0131s\u0131yla tasarlanm\u0131\u015f, k\u0131\u015f aylar\u0131nda ideal bir koruma sunan Teddy \u015eirin Parlak \u015ei\u015fme Mont.; Barbie pembesi seker pembe rengiyle dikkat \u00e7eken bu&hellip;<\/p>","protected":false},"featured_media":6126,"template":"","meta":[],"product_brand":[],"product_cat":[15,935,983],"product_tag":[],"class_list":{"0":"post-6127","1":"product","2":"type-product","3":"status-publish","4":"has-post-thumbnail","6":"product_cat-genel","7":"product_cat-kizcocuk","8":"product_cat-mont-puffy-yelek","10":"first","11":"outofstock","12":"taxable","13":"shipping-taxable","14":"purchasable","15":"product-type-simple"},"_links":{"self":[{"href":"https:\/\/petityu.com\/en\/wp-json\/wp\/v2\/product\/6127","targetHints":{"allow":["GET"]}}],"collection":[{"href":"https:\/\/petityu.com\/en\/wp-json\/wp\/v2\/product"}],"about":[{"href":"https:\/\/petityu.com\/en\/wp-json\/wp\/v2\/types\/product"}],"wp:featuredmedia":[{"embeddable":true,"href":"https:\/\/petityu.com\/en\/wp-json\/wp\/v2\/media\/6126"}],"wp:attachment":[{"href":"https:\/\/petityu.com\/en\/wp-json\/wp\/v2\/media?parent=6127"}],"wp:term":[{"taxonomy":"product_brand","embeddable":true,"href":"https:\/\/petityu.com\/en\/wp-json\/wp\/v2\/product_brand?post=6127"},{"taxonomy":"product_cat","embeddable":true,"href":"https:\/\/petityu.com\/en\/wp-json\/wp\/v2\/product_cat?post=6127"},{"taxonomy":"product_tag","embeddable":true,"href":"https:\/\/petityu.com\/en\/wp-json\/wp\/v2\/product_tag?post=6127"}],"curies":[{"name":"wp","href":"https:\/\/api.w.org\/{rel}","templated":true}]}}