{"id":6129,"date":"2024-09-19T15:17:07","date_gmt":"2024-09-19T12:17:07","guid":{"rendered":"https:\/\/petityu.com\/laci-dinazor-baskili-puffy-mont-laci-dino-pufudik-mont\/"},"modified":"2026-04-09T16:23:06","modified_gmt":"2026-04-09T13:23:06","slug":"laci-dinazor-baskili-puffy-mont-laci-dino-pufudik-mont","status":"publish","type":"product","link":"https:\/\/petityu.com\/en\/laci-dinazor-baskili-puffy-mont-laci-dino-pufudik-mont\/","title":{"rendered":"Petityu Lacivert Dinazor Bask\u0131l\u0131 Puffy Mont &#8211; Laci Dino Pufudik Mont (4-5 Ya\u015f)"},"content":{"rendered":"<p><p>Petityu Laci Dinazor Baskili Puffy Mont Pofudik eglenceli sirin<\/p><\/p>","protected":false},"excerpt":{"rendered":"<p>Petityu Laci Dinazor Baskili Puffy Mont Pofudik eglenceli sirin<\/p>","protected":false},"featured_media":6128,"template":"","meta":[],"product_brand":[],"product_cat":[15,936,991],"product_tag":[],"class_list":{"0":"post-6129","1":"product","2":"type-product","3":"status-publish","4":"has-post-thumbnail","6":"product_cat-genel","7":"product_cat-erkekcocuk","8":"product_cat-mont","10":"first","11":"instock","12":"taxable","13":"shipping-taxable","14":"purchasable","15":"product-type-simple"},"_links":{"self":[{"href":"https:\/\/petityu.com\/en\/wp-json\/wp\/v2\/product\/6129","targetHints":{"allow":["GET"]}}],"collection":[{"href":"https:\/\/petityu.com\/en\/wp-json\/wp\/v2\/product"}],"about":[{"href":"https:\/\/petityu.com\/en\/wp-json\/wp\/v2\/types\/product"}],"wp:featuredmedia":[{"embeddable":true,"href":"https:\/\/petityu.com\/en\/wp-json\/wp\/v2\/media\/6128"}],"wp:attachment":[{"href":"https:\/\/petityu.com\/en\/wp-json\/wp\/v2\/media?parent=6129"}],"wp:term":[{"taxonomy":"product_brand","embeddable":true,"href":"https:\/\/petityu.com\/en\/wp-json\/wp\/v2\/product_brand?post=6129"},{"taxonomy":"product_cat","embeddable":true,"href":"https:\/\/petityu.com\/en\/wp-json\/wp\/v2\/product_cat?post=6129"},{"taxonomy":"product_tag","embeddable":true,"href":"https:\/\/petityu.com\/en\/wp-json\/wp\/v2\/product_tag?post=6129"}],"curies":[{"name":"wp","href":"https:\/\/api.w.org\/{rel}","templated":true}]}}