{"id":6131,"date":"2024-09-19T15:17:17","date_gmt":"2024-09-19T12:17:17","guid":{"rendered":"https:\/\/petityu.com\/marvel-spiderman-3d-anaokulu-cantasi-mavi-spiderman\/"},"modified":"2026-04-04T13:41:58","modified_gmt":"2026-04-04T10:41:58","slug":"marvel-spiderman-3d-anaokulu-cantasi-mavi-spiderman","status":"publish","type":"product","link":"https:\/\/petityu.com\/en\/marvel-spiderman-3d-anaokulu-cantasi-mavi-spiderman\/","title":{"rendered":"Marvel Spiderman 3D anaokulu \u00e7antas\u0131 mavi spiderman"},"content":{"rendered":"<p><p>Marvel Spiderman temal\u0131 bu okul \u00e7antas\u0131, \u00e7ocuklar\u0131n okula giderken yanlar\u0131nda ta\u015f\u0131d\u0131klar\u0131 en \u00f6nemli aksesuarlardan biri haline geliyor.; Mavi renk se\u00e7ene\u011fi ile dikkat \u00e7eken bu \u00e7anta, Spiderman hayranlar\u0131 i\u00e7in m\u00fckemmel bir tercih sunuyor.; D\u00fcz deseniyle sade ve \u015f\u0131k bir g\u00f6r\u00fcn\u00fcm sergileyen bu okul \u00e7antas\u0131, okul ortam\u0131na uygun bir tasar\u0131ma sahip.; Bebek ve \u00e7ocuklar i\u00e7in \u00f6zel olarak tasarlanm\u0131\u015f olan bu \u00fcr\u00fcn, k\u00fc\u00e7\u00fck ellerin kolayca kavrayabilece\u011fi ergonomik yap\u0131da \u00fcretilmi\u015ftir.; Spiderman temal\u0131 anaokulu \u00e7antas\u0131, \u00e7ocuklar\u0131n okula giderken heyecan\u0131n\u0131 artt\u0131rarak onlar\u0131 motive ederken ayn\u0131 zamanda yanlar\u0131nda ta\u015f\u0131malar\u0131 gereken e\u015fyalar\u0131n\u0131 da d\u00fczenli bir \u015fekilde saklamalar\u0131na yard\u0131mc\u0131 olur.;<\/p><\/p>","protected":false},"excerpt":{"rendered":"<p>Marvel Spiderman temal\u0131 bu okul \u00e7antas\u0131, \u00e7ocuklar\u0131n okula giderken yanlar\u0131nda ta\u015f\u0131d\u0131klar\u0131 en \u00f6nemli aksesuarlardan biri haline geliyor.; Mavi renk se\u00e7ene\u011fi ile dikkat \u00e7eken bu \u00e7anta,&hellip;<\/p>","protected":false},"featured_media":6130,"template":"","meta":[],"product_brand":[],"product_cat":[998,936,15],"product_tag":[],"class_list":{"0":"post-6131","1":"product","2":"type-product","3":"status-publish","4":"has-post-thumbnail","6":"product_cat-canta","7":"product_cat-erkekcocuk","8":"product_cat-genel","10":"first","11":"outofstock","12":"taxable","13":"shipping-taxable","14":"purchasable","15":"product-type-simple"},"_links":{"self":[{"href":"https:\/\/petityu.com\/en\/wp-json\/wp\/v2\/product\/6131","targetHints":{"allow":["GET"]}}],"collection":[{"href":"https:\/\/petityu.com\/en\/wp-json\/wp\/v2\/product"}],"about":[{"href":"https:\/\/petityu.com\/en\/wp-json\/wp\/v2\/types\/product"}],"wp:featuredmedia":[{"embeddable":true,"href":"https:\/\/petityu.com\/en\/wp-json\/wp\/v2\/media\/6130"}],"wp:attachment":[{"href":"https:\/\/petityu.com\/en\/wp-json\/wp\/v2\/media?parent=6131"}],"wp:term":[{"taxonomy":"product_brand","embeddable":true,"href":"https:\/\/petityu.com\/en\/wp-json\/wp\/v2\/product_brand?post=6131"},{"taxonomy":"product_cat","embeddable":true,"href":"https:\/\/petityu.com\/en\/wp-json\/wp\/v2\/product_cat?post=6131"},{"taxonomy":"product_tag","embeddable":true,"href":"https:\/\/petityu.com\/en\/wp-json\/wp\/v2\/product_tag?post=6131"}],"curies":[{"name":"wp","href":"https:\/\/api.w.org\/{rel}","templated":true}]}}