{"id":6136,"date":"2024-09-19T15:17:45","date_gmt":"2024-09-19T12:17:45","guid":{"rendered":"https:\/\/petityu.com\/smiggle-insaat-arabalari-ekskavator-kepce-anaokulu-mini-canta\/"},"modified":"2026-04-09T16:15:13","modified_gmt":"2026-04-09T13:15:13","slug":"smiggle-insaat-arabalari-ekskavator-kepce-anaokulu-mini-canta","status":"publish","type":"product","link":"https:\/\/petityu.com\/en\/smiggle-insaat-arabalari-ekskavator-kepce-anaokulu-mini-canta\/","title":{"rendered":"Smiggle in\u015faat arabalar\u0131 ekskavat\u00f6r kep\u00e7e anaokulu mini \u00e7anta"},"content":{"rendered":"<p><p>Minik eller i\u00e7in tasarlanm\u0131\u015f, kolay ta\u015f\u0131nabilir ve dayan\u0131kl\u0131 yap\u0131s\u0131yla Smiggle in\u015faat arabalar\u0131 ekskavat\u00f6r kep\u00e7e anaokulu mini \u00e7anta, \u00e7ocuklar\u0131n okula giderken yanlar\u0131nda ta\u015f\u0131mak isteyecekleri e\u011flenceli bir aksesuard\u0131r.; Araba temal\u0131 deseniyle \u00e7ocuklar\u0131n ilgisini \u00e7eken bu mini \u00e7anta, anaokulu \u00e7a\u011f\u0131ndaki minikler i\u00e7in idealdir.; Bebekler ve \u00e7ocuklar i\u00e7in \u00f6zel olarak \u00fcretilen bu \u00e7anta, onlar\u0131n k\u00fc\u00e7\u00fck ellerine uygun boyutlarda tasarlanm\u0131\u015ft\u0131r.; Okullar\u0131n yeniden a\u00e7\u0131ld\u0131\u011f\u0131 d\u00f6nemlerde Smiggle in\u015faat arabalar\u0131 ekskavat\u00f6r kep\u00e7e anaokulu mini \u00e7antay\u0131 tercih ederek \u00e7ocuklar\u0131n okula giderken heyecanlar\u0131n\u0131 payla\u015fmalar\u0131na yard\u0131mc\u0131 olabilirsiniz.;<\/p><\/p>","protected":false},"excerpt":{"rendered":"<p>Minik eller i\u00e7in tasarlanm\u0131\u015f, kolay ta\u015f\u0131nabilir ve dayan\u0131kl\u0131 yap\u0131s\u0131yla Smiggle in\u015faat arabalar\u0131 ekskavat\u00f6r kep\u00e7e anaokulu mini \u00e7anta, \u00e7ocuklar\u0131n okula giderken yanlar\u0131nda ta\u015f\u0131mak isteyecekleri e\u011flenceli bir&hellip;<\/p>","protected":false},"featured_media":6132,"template":"","meta":[],"product_brand":[],"product_cat":[15,998,936],"product_tag":[],"class_list":{"0":"post-6136","1":"product","2":"type-product","3":"status-publish","4":"has-post-thumbnail","6":"product_cat-genel","7":"product_cat-canta","8":"product_cat-erkekcocuk","10":"first","11":"instock","12":"taxable","13":"shipping-taxable","14":"purchasable","15":"product-type-simple"},"_links":{"self":[{"href":"https:\/\/petityu.com\/en\/wp-json\/wp\/v2\/product\/6136","targetHints":{"allow":["GET"]}}],"collection":[{"href":"https:\/\/petityu.com\/en\/wp-json\/wp\/v2\/product"}],"about":[{"href":"https:\/\/petityu.com\/en\/wp-json\/wp\/v2\/types\/product"}],"wp:featuredmedia":[{"embeddable":true,"href":"https:\/\/petityu.com\/en\/wp-json\/wp\/v2\/media\/6132"}],"wp:attachment":[{"href":"https:\/\/petityu.com\/en\/wp-json\/wp\/v2\/media?parent=6136"}],"wp:term":[{"taxonomy":"product_brand","embeddable":true,"href":"https:\/\/petityu.com\/en\/wp-json\/wp\/v2\/product_brand?post=6136"},{"taxonomy":"product_cat","embeddable":true,"href":"https:\/\/petityu.com\/en\/wp-json\/wp\/v2\/product_cat?post=6136"},{"taxonomy":"product_tag","embeddable":true,"href":"https:\/\/petityu.com\/en\/wp-json\/wp\/v2\/product_tag?post=6136"}],"curies":[{"name":"wp","href":"https:\/\/api.w.org\/{rel}","templated":true}]}}