{"id":6146,"date":"2024-09-19T15:18:41","date_gmt":"2024-09-19T12:18:41","guid":{"rendered":"https:\/\/petityu.com\/bluey-folyo-balon-seti-li-dogumgunu-balon\/"},"modified":"2026-04-09T16:12:09","modified_gmt":"2026-04-09T13:12:09","slug":"bluey-folyo-balon-seti-li-dogumgunu-balon","status":"publish","type":"product","link":"https:\/\/petityu.com\/en\/bluey-folyo-balon-seti-li-dogumgunu-balon\/","title":{"rendered":"Bluey folyo balon seti \u2018li do\u011fumg\u00fcn\u00fc balon 2 ya\u015f"},"content":{"rendered":"<p><p>5 li folyo balon seti<\/p><p>2 ya\u015f<\/p><\/p>","protected":false},"excerpt":{"rendered":"<p>5 li folyo balon seti2 ya\u015f<\/p>","protected":false},"featured_media":6145,"template":"","meta":[],"product_brand":[],"product_cat":[15,936,935,1004,1005],"product_tag":[],"class_list":{"0":"post-6146","1":"product","2":"type-product","3":"status-publish","4":"has-post-thumbnail","6":"product_cat-genel","7":"product_cat-erkekcocuk","8":"product_cat-kizcocuk","9":"product_cat-parti-balon-kostum","10":"product_cat-parti-balon-kostum-kizcocuk","12":"first","13":"instock","14":"taxable","15":"shipping-taxable","16":"purchasable","17":"product-type-simple"},"_links":{"self":[{"href":"https:\/\/petityu.com\/en\/wp-json\/wp\/v2\/product\/6146","targetHints":{"allow":["GET"]}}],"collection":[{"href":"https:\/\/petityu.com\/en\/wp-json\/wp\/v2\/product"}],"about":[{"href":"https:\/\/petityu.com\/en\/wp-json\/wp\/v2\/types\/product"}],"wp:featuredmedia":[{"embeddable":true,"href":"https:\/\/petityu.com\/en\/wp-json\/wp\/v2\/media\/6145"}],"wp:attachment":[{"href":"https:\/\/petityu.com\/en\/wp-json\/wp\/v2\/media?parent=6146"}],"wp:term":[{"taxonomy":"product_brand","embeddable":true,"href":"https:\/\/petityu.com\/en\/wp-json\/wp\/v2\/product_brand?post=6146"},{"taxonomy":"product_cat","embeddable":true,"href":"https:\/\/petityu.com\/en\/wp-json\/wp\/v2\/product_cat?post=6146"},{"taxonomy":"product_tag","embeddable":true,"href":"https:\/\/petityu.com\/en\/wp-json\/wp\/v2\/product_tag?post=6146"}],"curies":[{"name":"wp","href":"https:\/\/api.w.org\/{rel}","templated":true}]}}