{"id":6148,"date":"2024-09-19T15:18:51","date_gmt":"2024-09-19T12:18:51","guid":{"rendered":"https:\/\/petityu.com\/beyaz-acik-gri-stripes-ince-cizgili-firfirli-dondurma-desenli-kiz-cocuk-mayo\/"},"modified":"2026-03-03T13:30:31","modified_gmt":"2026-03-03T10:30:31","slug":"beyaz-acik-gri-stripes-ince-cizgili-firfirli-dondurma-desenli-kiz-cocuk-mayo","status":"publish","type":"product","link":"https:\/\/petityu.com\/en\/beyaz-acik-gri-stripes-ince-cizgili-firfirli-dondurma-desenli-kiz-cocuk-mayo\/","title":{"rendered":"Petityu Beyaz A\u00e7\u0131k Gri Stripes \u0130nce \u00c7izgili F\u0131rf\u0131rl\u0131 Dondurma Desenli K\u0131z \u00c7ocuk Mayo"},"content":{"rendered":"<p>\u00c7ocuklar\u0131n yaz aylar\u0131nda serin ve rahat vakit ge\u00e7irmeleri i\u00e7in tasarlanm\u0131\u015f ince \u00e7izgili, firfirli desenli beyaz ve gri renk kombinasyonuna sahip k\u0131z \u00e7ocuk mayo.; Canl\u0131 ve e\u011flenceli \u00e7izgili desenleri ile suyun i\u00e7inde veya d\u0131\u015f\u0131nda \u015f\u0131k ve sevimli bir g\u00f6r\u00fcn\u00fcm sunar.; H\u0131zl\u0131 kuruyan kuma\u015f\u0131 sayesinde \u00e7ocuklar\u0131n \u00e7abuk kurumas\u0131n\u0131 sa\u011flayarak \u0131slakl\u0131k hissini azalt\u0131r ve konforunu art\u0131r\u0131r.; Dayan\u0131kl\u0131 malzemeler kullan\u0131larak \u00fcretilmi\u015ftir, b\u00f6ylece uzun s\u00fcreli kullan\u0131m i\u00e7in idealdir.; Esnek yap\u0131s\u0131 sayesinde farkl\u0131 v\u00fccut tiplerine uyum sa\u011flayarak rahat bir kullan\u0131m imkan\u0131 sunar.;<\/p>","protected":false},"excerpt":{"rendered":"<p>\u00c7ocuklar\u0131n yaz aylar\u0131nda serin ve rahat vakit ge\u00e7irmeleri i\u00e7in tasarlanm\u0131\u015f ince \u00e7izgili, firfirli desenli beyaz ve gri renk kombinasyonuna sahip k\u0131z \u00e7ocuk mayo.; Canl\u0131 ve&hellip;<\/p>","protected":false},"featured_media":6147,"template":"","meta":[],"product_brand":[],"product_cat":[15,935,974],"product_tag":[],"class_list":{"0":"post-6148","1":"product","2":"type-product","3":"status-publish","4":"has-post-thumbnail","6":"product_cat-genel","7":"product_cat-kizcocuk","8":"product_cat-mayo","10":"first","11":"instock","12":"taxable","13":"shipping-taxable","14":"purchasable","15":"product-type-variable"},"_links":{"self":[{"href":"https:\/\/petityu.com\/en\/wp-json\/wp\/v2\/product\/6148","targetHints":{"allow":["GET"]}}],"collection":[{"href":"https:\/\/petityu.com\/en\/wp-json\/wp\/v2\/product"}],"about":[{"href":"https:\/\/petityu.com\/en\/wp-json\/wp\/v2\/types\/product"}],"wp:featuredmedia":[{"embeddable":true,"href":"https:\/\/petityu.com\/en\/wp-json\/wp\/v2\/media\/6147"}],"wp:attachment":[{"href":"https:\/\/petityu.com\/en\/wp-json\/wp\/v2\/media?parent=6148"}],"wp:term":[{"taxonomy":"product_brand","embeddable":true,"href":"https:\/\/petityu.com\/en\/wp-json\/wp\/v2\/product_brand?post=6148"},{"taxonomy":"product_cat","embeddable":true,"href":"https:\/\/petityu.com\/en\/wp-json\/wp\/v2\/product_cat?post=6148"},{"taxonomy":"product_tag","embeddable":true,"href":"https:\/\/petityu.com\/en\/wp-json\/wp\/v2\/product_tag?post=6148"}],"curies":[{"name":"wp","href":"https:\/\/api.w.org\/{rel}","templated":true}]}}