{"id":6155,"date":"2024-09-19T15:19:14","date_gmt":"2024-09-19T12:19:14","guid":{"rendered":"https:\/\/petityu.com\/cocuk-mavi-kadife-kep-vintage\/"},"modified":"2026-02-18T15:35:17","modified_gmt":"2026-02-18T12:35:17","slug":"cocuk-mavi-kadife-kep-vintage","status":"publish","type":"product","link":"https:\/\/petityu.com\/en\/cocuk-mavi-kadife-kep-vintage\/","title":{"rendered":"Petityu \u00c7ocuk Mavi Kadife Kep Vintage"},"content":{"rendered":"<p>Erkek cocuk kep F\u0131t\u0131ll\u0131 kad\u0131fe \u0131k\u0131 beden\u0131 vard\u0131r 51 cm (1-3 yas) ve 53 cm (3-7 yas)<\/p>","protected":false},"excerpt":{"rendered":"<p>Erkek cocuk kep F\u0131t\u0131ll\u0131 kad\u0131fe \u0131k\u0131 beden\u0131 vard\u0131r 51 cm (1-3 yas) ve 53 cm (3-7 yas)<\/p>","protected":false},"featured_media":6154,"template":"","meta":[],"product_brand":[],"product_cat":[15],"product_tag":[],"class_list":{"0":"post-6155","1":"product","2":"type-product","3":"status-publish","4":"has-post-thumbnail","6":"product_cat-genel","8":"first","9":"instock","10":"taxable","11":"shipping-taxable","12":"purchasable","13":"product-type-variable"},"_links":{"self":[{"href":"https:\/\/petityu.com\/en\/wp-json\/wp\/v2\/product\/6155","targetHints":{"allow":["GET"]}}],"collection":[{"href":"https:\/\/petityu.com\/en\/wp-json\/wp\/v2\/product"}],"about":[{"href":"https:\/\/petityu.com\/en\/wp-json\/wp\/v2\/types\/product"}],"wp:featuredmedia":[{"embeddable":true,"href":"https:\/\/petityu.com\/en\/wp-json\/wp\/v2\/media\/6154"}],"wp:attachment":[{"href":"https:\/\/petityu.com\/en\/wp-json\/wp\/v2\/media?parent=6155"}],"wp:term":[{"taxonomy":"product_brand","embeddable":true,"href":"https:\/\/petityu.com\/en\/wp-json\/wp\/v2\/product_brand?post=6155"},{"taxonomy":"product_cat","embeddable":true,"href":"https:\/\/petityu.com\/en\/wp-json\/wp\/v2\/product_cat?post=6155"},{"taxonomy":"product_tag","embeddable":true,"href":"https:\/\/petityu.com\/en\/wp-json\/wp\/v2\/product_tag?post=6155"}],"curies":[{"name":"wp","href":"https:\/\/api.w.org\/{rel}","templated":true}]}}