{"id":6159,"date":"2024-09-19T15:19:30","date_gmt":"2024-09-19T12:19:30","guid":{"rendered":"https:\/\/petityu.com\/uv-gunes-korumali-sapka-upf50-beyaz-mavi-yesil-dinazorlar-dino-sapka\/"},"modified":"2026-03-26T14:24:41","modified_gmt":"2026-03-26T11:24:41","slug":"uv-gunes-korumali-sapka-upf50-beyaz-mavi-yesil-dinazorlar-dino-sapka","status":"publish","type":"product","link":"https:\/\/petityu.com\/en\/uv-gunes-korumali-sapka-upf50-beyaz-mavi-yesil-dinazorlar-dino-sapka\/","title":{"rendered":"Petityu UV G\u00fcne\u015f Korumal\u0131 \u015eapka \u2013 Upf50+ Beyaz Mavi Ye\u015fil Dinazorlar Dino \u015eapka"},"content":{"rendered":"<p><p>gunes korumali bucket sapka UPF50+ ozel polyester fiber kumastir. Denize ve havuza girmeye musaittir. Hizli kurur.<\/p><\/p>","protected":false},"excerpt":{"rendered":"<p>gunes korumali bucket sapka UPF50+ ozel polyester fiber kumastir. Denize ve havuza girmeye musaittir. Hizli kurur.<\/p>","protected":false},"featured_media":6158,"template":"","meta":[],"product_brand":[],"product_cat":[15,936,996],"product_tag":[],"class_list":{"0":"post-6159","1":"product","2":"type-product","3":"status-publish","4":"has-post-thumbnail","6":"product_cat-genel","7":"product_cat-erkekcocuk","8":"product_cat-sapka-erkekcocuk","10":"first","11":"instock","12":"taxable","13":"shipping-taxable","14":"purchasable","15":"product-type-variable"},"_links":{"self":[{"href":"https:\/\/petityu.com\/en\/wp-json\/wp\/v2\/product\/6159","targetHints":{"allow":["GET"]}}],"collection":[{"href":"https:\/\/petityu.com\/en\/wp-json\/wp\/v2\/product"}],"about":[{"href":"https:\/\/petityu.com\/en\/wp-json\/wp\/v2\/types\/product"}],"wp:featuredmedia":[{"embeddable":true,"href":"https:\/\/petityu.com\/en\/wp-json\/wp\/v2\/media\/6158"}],"wp:attachment":[{"href":"https:\/\/petityu.com\/en\/wp-json\/wp\/v2\/media?parent=6159"}],"wp:term":[{"taxonomy":"product_brand","embeddable":true,"href":"https:\/\/petityu.com\/en\/wp-json\/wp\/v2\/product_brand?post=6159"},{"taxonomy":"product_cat","embeddable":true,"href":"https:\/\/petityu.com\/en\/wp-json\/wp\/v2\/product_cat?post=6159"},{"taxonomy":"product_tag","embeddable":true,"href":"https:\/\/petityu.com\/en\/wp-json\/wp\/v2\/product_tag?post=6159"}],"curies":[{"name":"wp","href":"https:\/\/api.w.org\/{rel}","templated":true}]}}