{"id":6168,"date":"2024-09-19T15:20:10","date_gmt":"2024-09-19T12:20:10","guid":{"rendered":"https:\/\/petityu.com\/erkek-bebek-3lu-set-upf-50-gunes-korumali-sort-mayo-tshirt-u-sapka-seti-cute-dino\/"},"modified":"2026-04-17T21:01:32","modified_gmt":"2026-04-17T18:01:32","slug":"erkek-bebek-3lu-set-upf-50-gunes-korumali-sort-mayo-tshirt-u-sapka-seti-cute-dino","status":"publish","type":"product","link":"https:\/\/petityu.com\/en\/erkek-bebek-3lu-set-upf-50-gunes-korumali-sort-mayo-tshirt-u-sapka-seti-cute-dino\/","title":{"rendered":"Petityu Erkek Bebek 3&#8217;lu Set- Upf 50 + G\u00fcne\u015f Korumal\u0131 \u015eort Mayo + Tshirt &#8216;u + \u015eapka Seti Cute Dino"},"content":{"rendered":"<p>Petityu Erkek Bebek 3&#039;lu Set- Upf 50 + G&uuml;ne\u015f Korumali Sort Mayo Upf 50 + Deniz Tshirt &#039;u Upf 50 + Sapka<\/p>","protected":false},"excerpt":{"rendered":"<p>Petityu Erkek Bebek 3&#039;lu Set- Upf 50 + G&uuml;ne\u015f Korumali Sort Mayo Upf 50 + Deniz Tshirt &#039;u Upf 50 + Sapka<\/p>","protected":false},"featured_media":6166,"template":"","meta":[],"product_brand":[],"product_cat":[15,936,987],"product_tag":[],"class_list":{"0":"post-6168","1":"product","2":"type-product","3":"status-publish","4":"has-post-thumbnail","6":"product_cat-genel","7":"product_cat-erkekcocuk","8":"product_cat-mayo-erkekcocuk","10":"first","11":"instock","12":"taxable","13":"shipping-taxable","14":"purchasable","15":"product-type-variable"},"_links":{"self":[{"href":"https:\/\/petityu.com\/en\/wp-json\/wp\/v2\/product\/6168","targetHints":{"allow":["GET"]}}],"collection":[{"href":"https:\/\/petityu.com\/en\/wp-json\/wp\/v2\/product"}],"about":[{"href":"https:\/\/petityu.com\/en\/wp-json\/wp\/v2\/types\/product"}],"wp:featuredmedia":[{"embeddable":true,"href":"https:\/\/petityu.com\/en\/wp-json\/wp\/v2\/media\/6166"}],"wp:attachment":[{"href":"https:\/\/petityu.com\/en\/wp-json\/wp\/v2\/media?parent=6168"}],"wp:term":[{"taxonomy":"product_brand","embeddable":true,"href":"https:\/\/petityu.com\/en\/wp-json\/wp\/v2\/product_brand?post=6168"},{"taxonomy":"product_cat","embeddable":true,"href":"https:\/\/petityu.com\/en\/wp-json\/wp\/v2\/product_cat?post=6168"},{"taxonomy":"product_tag","embeddable":true,"href":"https:\/\/petityu.com\/en\/wp-json\/wp\/v2\/product_tag?post=6168"}],"curies":[{"name":"wp","href":"https:\/\/api.w.org\/{rel}","templated":true}]}}