{"id":6176,"date":"2024-09-19T15:20:38","date_gmt":"2024-09-19T12:20:38","guid":{"rendered":"https:\/\/petityu.com\/kolsuz-pembe-hayvan-desenli-elbise-2-5-yas\/"},"modified":"2025-08-26T12:23:58","modified_gmt":"2025-08-26T09:23:58","slug":"kolsuz-pembe-hayvan-desenli-elbise-2-5-yas","status":"publish","type":"product","link":"https:\/\/petityu.com\/en\/kolsuz-pembe-hayvan-desenli-elbise-2-5-yas\/","title":{"rendered":"Kolsuz  Pembe Hayvan Desenli Elbise 2-5 Ya\u015f"},"content":{"rendered":"<p>Kolsuz %100 pamuk pembe hayvan desenl\u0131 elb\u0131se 2-5 yas . %100 koton.<\/p>","protected":false},"excerpt":{"rendered":"<p>Kolsuz %100 pamuk pembe hayvan desenl\u0131 elb\u0131se 2-5 yas . %100 koton.<\/p>","protected":false},"featured_media":6175,"template":"","meta":[],"product_brand":[],"product_cat":[972,15,935],"product_tag":[],"class_list":{"0":"post-6176","1":"product","2":"type-product","3":"status-publish","4":"has-post-thumbnail","6":"product_cat-elbise","7":"product_cat-genel","8":"product_cat-kizcocuk","10":"first","11":"outofstock","12":"taxable","13":"shipping-taxable","14":"purchasable","15":"product-type-variable"},"_links":{"self":[{"href":"https:\/\/petityu.com\/en\/wp-json\/wp\/v2\/product\/6176","targetHints":{"allow":["GET"]}}],"collection":[{"href":"https:\/\/petityu.com\/en\/wp-json\/wp\/v2\/product"}],"about":[{"href":"https:\/\/petityu.com\/en\/wp-json\/wp\/v2\/types\/product"}],"wp:featuredmedia":[{"embeddable":true,"href":"https:\/\/petityu.com\/en\/wp-json\/wp\/v2\/media\/6175"}],"wp:attachment":[{"href":"https:\/\/petityu.com\/en\/wp-json\/wp\/v2\/media?parent=6176"}],"wp:term":[{"taxonomy":"product_brand","embeddable":true,"href":"https:\/\/petityu.com\/en\/wp-json\/wp\/v2\/product_brand?post=6176"},{"taxonomy":"product_cat","embeddable":true,"href":"https:\/\/petityu.com\/en\/wp-json\/wp\/v2\/product_cat?post=6176"},{"taxonomy":"product_tag","embeddable":true,"href":"https:\/\/petityu.com\/en\/wp-json\/wp\/v2\/product_tag?post=6176"}],"curies":[{"name":"wp","href":"https:\/\/api.w.org\/{rel}","templated":true}]}}