{"id":6193,"date":"2024-09-19T15:22:08","date_gmt":"2024-09-19T12:22:08","guid":{"rendered":"https:\/\/petityu.com\/bebek-mor-buyuk-fiyonklu-elastik-soft-sac-bandi\/"},"modified":"2025-08-26T12:23:47","modified_gmt":"2025-08-26T09:23:47","slug":"bebek-mor-buyuk-fiyonklu-elastik-soft-sac-bandi","status":"publish","type":"product","link":"https:\/\/petityu.com\/en\/bebek-mor-buyuk-fiyonklu-elastik-soft-sac-bandi\/","title":{"rendered":"Bebek Mor B\u00fcy\u00fck Fiyonklu Elastik Soft Sa\u00e7 Band\u0131"},"content":{"rendered":"<p>17 cm b\u00fcy\u00fck fiyonklu elastik soft sa\u00e7 band\u0131<\/p>","protected":false},"excerpt":{"rendered":"<p>17 cm b\u00fcy\u00fck fiyonklu elastik soft sa\u00e7 band\u0131<\/p>","protected":false},"featured_media":6187,"template":"","meta":[],"product_brand":[],"product_cat":[15],"product_tag":[],"class_list":{"0":"post-6193","1":"product","2":"type-product","3":"status-publish","4":"has-post-thumbnail","6":"product_cat-genel","8":"first","9":"outofstock","10":"taxable","11":"shipping-taxable","12":"purchasable","13":"product-type-variable"},"_links":{"self":[{"href":"https:\/\/petityu.com\/en\/wp-json\/wp\/v2\/product\/6193","targetHints":{"allow":["GET"]}}],"collection":[{"href":"https:\/\/petityu.com\/en\/wp-json\/wp\/v2\/product"}],"about":[{"href":"https:\/\/petityu.com\/en\/wp-json\/wp\/v2\/types\/product"}],"wp:featuredmedia":[{"embeddable":true,"href":"https:\/\/petityu.com\/en\/wp-json\/wp\/v2\/media\/6187"}],"wp:attachment":[{"href":"https:\/\/petityu.com\/en\/wp-json\/wp\/v2\/media?parent=6193"}],"wp:term":[{"taxonomy":"product_brand","embeddable":true,"href":"https:\/\/petityu.com\/en\/wp-json\/wp\/v2\/product_brand?post=6193"},{"taxonomy":"product_cat","embeddable":true,"href":"https:\/\/petityu.com\/en\/wp-json\/wp\/v2\/product_cat?post=6193"},{"taxonomy":"product_tag","embeddable":true,"href":"https:\/\/petityu.com\/en\/wp-json\/wp\/v2\/product_tag?post=6193"}],"curies":[{"name":"wp","href":"https:\/\/api.w.org\/{rel}","templated":true}]}}