{"id":6199,"date":"2024-09-19T15:22:37","date_gmt":"2024-09-19T12:22:37","guid":{"rendered":"https:\/\/petityu.com\/uv-gunes-korumali-sapka-upf50-camgobegi-denizati-sapka\/"},"modified":"2026-03-26T14:30:48","modified_gmt":"2026-03-26T11:30:48","slug":"uv-gunes-korumali-sapka-upf50-camgobegi-denizati-sapka","status":"publish","type":"product","link":"https:\/\/petityu.com\/en\/uv-gunes-korumali-sapka-upf50-camgobegi-denizati-sapka\/","title":{"rendered":"Petityu UV G\u00fcne\u015f Korumal\u0131 \u015eapka \u2013 Upf50+ Camg\u00f6be\u011fi Denizat\u0131 \u015eapka"},"content":{"rendered":"<p><p>gunes korumali sapka upf50+ fiber kumastir- ici file astardir<\/p><\/p>","protected":false},"excerpt":{"rendered":"<p>gunes korumali sapka upf50+ fiber kumastir- ici file astardir<\/p>","protected":false},"featured_media":6197,"template":"","meta":[],"product_brand":[],"product_cat":[936,15,935,975,996],"product_tag":[],"class_list":{"0":"post-6199","1":"product","2":"type-product","3":"status-publish","4":"has-post-thumbnail","6":"product_cat-erkekcocuk","7":"product_cat-genel","8":"product_cat-kizcocuk","9":"product_cat-sapka","10":"product_cat-sapka-erkekcocuk","12":"first","13":"instock","14":"taxable","15":"shipping-taxable","16":"purchasable","17":"product-type-variable"},"_links":{"self":[{"href":"https:\/\/petityu.com\/en\/wp-json\/wp\/v2\/product\/6199","targetHints":{"allow":["GET"]}}],"collection":[{"href":"https:\/\/petityu.com\/en\/wp-json\/wp\/v2\/product"}],"about":[{"href":"https:\/\/petityu.com\/en\/wp-json\/wp\/v2\/types\/product"}],"wp:featuredmedia":[{"embeddable":true,"href":"https:\/\/petityu.com\/en\/wp-json\/wp\/v2\/media\/6197"}],"wp:attachment":[{"href":"https:\/\/petityu.com\/en\/wp-json\/wp\/v2\/media?parent=6199"}],"wp:term":[{"taxonomy":"product_brand","embeddable":true,"href":"https:\/\/petityu.com\/en\/wp-json\/wp\/v2\/product_brand?post=6199"},{"taxonomy":"product_cat","embeddable":true,"href":"https:\/\/petityu.com\/en\/wp-json\/wp\/v2\/product_cat?post=6199"},{"taxonomy":"product_tag","embeddable":true,"href":"https:\/\/petityu.com\/en\/wp-json\/wp\/v2\/product_tag?post=6199"}],"curies":[{"name":"wp","href":"https:\/\/api.w.org\/{rel}","templated":true}]}}