{"id":6203,"date":"2024-09-19T15:22:56","date_gmt":"2024-09-19T12:22:56","guid":{"rendered":"https:\/\/petityu.com\/uv-gunes-korumali-sapka-upf50-lila-mor-sapka\/"},"modified":"2026-04-16T22:56:36","modified_gmt":"2026-04-16T19:56:36","slug":"uv-gunes-korumali-sapka-upf50-lila-mor-sapka","status":"publish","type":"product","link":"https:\/\/petityu.com\/en\/uv-gunes-korumali-sapka-upf50-lila-mor-sapka\/","title":{"rendered":"Petityu UV G\u00fcne\u015f Korumal\u0131 \u015eapka \u2013 Upf50+ Lila Mor \u015eapka"},"content":{"rendered":"<p><p>UPF50+ koruma fakt&ouml;r&uuml; ile g&uuml;ne\u015f \u0131\u015f\u0131nlar\u0131na kar\u015f\u0131 y&uuml;ksek d&uuml;zeyde koruma sa\u011flar.; Lila mor renk se&ccedil;ene\u011fiyle \u015f\u0131k ve e\u011flenceli bir g&ouml;r&uuml;n&uuml;m kazand\u0131r\u0131r.; T&uuml;m ya\u015f gruplar\u0131na uygun tasar\u0131m\u0131yla geni\u015f kullan\u0131c\u0131 kitlesine hitap eder.;<\/p><\/p>","protected":false},"excerpt":{"rendered":"<p>UPF50+ koruma fakt&ouml;r&uuml; ile g&uuml;ne\u015f \u0131\u015f\u0131nlar\u0131na kar\u015f\u0131 y&uuml;ksek d&uuml;zeyde koruma sa\u011flar.; Lila mor renk se&ccedil;ene\u011fiyle \u015f\u0131k ve e\u011flenceli bir g&ouml;r&uuml;n&uuml;m kazand\u0131r\u0131r.; T&uuml;m ya\u015f gruplar\u0131na uygun&hellip;<\/p>","protected":false},"featured_media":6202,"template":"","meta":[],"product_brand":[],"product_cat":[15,935,975],"product_tag":[],"class_list":{"0":"post-6203","1":"product","2":"type-product","3":"status-publish","4":"has-post-thumbnail","6":"product_cat-genel","7":"product_cat-kizcocuk","8":"product_cat-sapka","10":"first","11":"instock","12":"taxable","13":"shipping-taxable","14":"purchasable","15":"product-type-variable"},"_links":{"self":[{"href":"https:\/\/petityu.com\/en\/wp-json\/wp\/v2\/product\/6203","targetHints":{"allow":["GET"]}}],"collection":[{"href":"https:\/\/petityu.com\/en\/wp-json\/wp\/v2\/product"}],"about":[{"href":"https:\/\/petityu.com\/en\/wp-json\/wp\/v2\/types\/product"}],"wp:featuredmedia":[{"embeddable":true,"href":"https:\/\/petityu.com\/en\/wp-json\/wp\/v2\/media\/6202"}],"wp:attachment":[{"href":"https:\/\/petityu.com\/en\/wp-json\/wp\/v2\/media?parent=6203"}],"wp:term":[{"taxonomy":"product_brand","embeddable":true,"href":"https:\/\/petityu.com\/en\/wp-json\/wp\/v2\/product_brand?post=6203"},{"taxonomy":"product_cat","embeddable":true,"href":"https:\/\/petityu.com\/en\/wp-json\/wp\/v2\/product_cat?post=6203"},{"taxonomy":"product_tag","embeddable":true,"href":"https:\/\/petityu.com\/en\/wp-json\/wp\/v2\/product_tag?post=6203"}],"curies":[{"name":"wp","href":"https:\/\/api.w.org\/{rel}","templated":true}]}}